{"id":19790,"date":"2024-11-29T11:11:40","date_gmt":"2024-11-29T10:11:40","guid":{"rendered":"https:\/\/agropecuario.testprueba.pro\/?page_id=19790"},"modified":"2024-11-29T11:16:08","modified_gmt":"2024-11-29T10:16:08","slug":"emergencia-toxicologica","status":"publish","type":"page","link":"https:\/\/anasac.cl\/agropecuario\/emergencia-toxicologica\/","title":{"rendered":"Emergencia Toxicol\u00f3gica"},"content":{"rendered":"\t\t<div data-elementor-type=\"wp-page\" data-elementor-id=\"19790\" class=\"elementor elementor-19790\" data-elementor-post-type=\"page\">\n\t\t\t\t<div class=\"elementor-element elementor-element-2e25353 e-flex e-con-boxed e-con e-parent\" data-id=\"2e25353\" data-element_type=\"container\" data-e-type=\"container\" data-settings=\"{&quot;jet_parallax_layout_list&quot;:[]}\">\n\t\t\t\t\t<div class=\"e-con-inner\">\n\t\t\t\t<div class=\"elementor-element elementor-element-00b1ad2 elementor-widget elementor-widget-spacer\" data-id=\"00b1ad2\" data-element_type=\"widget\" data-e-type=\"widget\" data-widget_type=\"spacer.default\">\n\t\t\t\t<div class=\"elementor-widget-container\">\n\t\t\t\t\t\t\t<div class=\"elementor-spacer\">\n\t\t\t<div class=\"elementor-spacer-inner\"><\/div>\n\t\t<\/div>\n\t\t\t\t\t\t<\/div>\n\t\t\t\t<\/div>\n\t\t\t\t<div class=\"elementor-element elementor-element-cb1babc jet-breadcrumbs-on-front-yes elementor-widget elementor-widget-jet-breadcrumbs\" data-id=\"cb1babc\" data-element_type=\"widget\" data-e-type=\"widget\" data-widget_type=\"jet-breadcrumbs.default\">\n\t\t\t\t<div class=\"elementor-widget-container\">\n\t\t\t\t\t<div class=\"elementor-jet-breadcrumbs jet-blocks\">\n\t\t<div class=\"jet-breadcrumbs\">\n\t\t<div class=\"jet-breadcrumbs__content\">\n\t\t\t<div class=\"jet-breadcrumbs__browse\">Usted est\u00e1 en:<\/div> \n\t\t<div class=\"jet-breadcrumbs__wrap\"><div class=\"jet-breadcrumbs__item\"><a href=\"https:\/\/anasac.cl\/agropecuario\/\" class=\"jet-breadcrumbs__item-link is-home\" rel=\"home\" title=\"Inicio\">Inicio<\/a><\/div>\n\t\t<\/div>\n\t\t<\/div>\n\t\t<\/div><\/div>\t\t\t\t<\/div>\n\t\t\t\t<\/div>\n\t\t\t\t\t<\/div>\n\t\t\t\t<\/div>\n\t\t<div class=\"elementor-element elementor-element-6e32dbf e-flex e-con-boxed e-con e-parent\" data-id=\"6e32dbf\" data-element_type=\"container\" data-e-type=\"container\" data-settings=\"{&quot;jet_parallax_layout_list&quot;:[]}\">\n\t\t\t\t\t<div class=\"e-con-inner\">\n\t\t\t\t<div class=\"elementor-element elementor-element-8bbfd57 elementor-widget-divider--view-line_text elementor-widget-divider--element-align-center elementor-widget elementor-widget-divider\" data-id=\"8bbfd57\" data-element_type=\"widget\" data-e-type=\"widget\" data-widget_type=\"divider.default\">\n\t\t\t\t<div class=\"elementor-widget-container\">\n\t\t\t\t\t\t\t<div class=\"elementor-divider\">\n\t\t\t<span class=\"elementor-divider-separator\">\n\t\t\t\t\t\t\t<span class=\"elementor-divider__text elementor-divider__element\">\n\t\t\t\tEmergencia Toxicol\u00f3gica\t\t\t\t<\/span>\n\t\t\t\t\t\t<\/span>\n\t\t<\/div>\n\t\t\t\t\t\t<\/div>\n\t\t\t\t<\/div>\n\t\t<div class=\"elementor-element elementor-element-1aca89a e-con-full e-flex e-con e-child\" data-id=\"1aca89a\" data-element_type=\"container\" data-e-type=\"container\" data-settings=\"{&quot;jet_parallax_layout_list&quot;:[]}\">\n\t\t<div class=\"elementor-element elementor-element-8180fee e-con-full e-flex e-con e-child\" data-id=\"8180fee\" data-element_type=\"container\" data-e-type=\"container\" data-settings=\"{&quot;jet_parallax_layout_list&quot;:[]}\">\n\t\t\t\t<div class=\"elementor-element elementor-element-0042d7a elementor-widget elementor-widget-image\" data-id=\"0042d7a\" data-element_type=\"widget\" data-e-type=\"widget\" data-widget_type=\"image.default\">\n\t\t\t\t<div class=\"elementor-widget-container\">\n\t\t\t\t\t\t\t\t\t\t\t\t\t\t\t\t<a href=\"http:\/\/www.anasac.cl\/agropecuario\/wp-content\/uploads\/logo-Rita.jpg\">\n\t\t\t\t\t\t\t<img loading=\"lazy\" decoding=\"async\" width=\"169\" height=\"209\" src=\"https:\/\/anasac.cl\/agropecuario\/wp-content\/uploads\/sites\/2\/2024\/11\/logo-Rita.jpg\" class=\"attachment-large size-large wp-image-19792\" alt=\"\" \/>\t\t\t\t\t\t\t\t<\/a>\n\t\t\t\t\t\t\t\t\t\t\t\t\t\t\t<\/div>\n\t\t\t\t<\/div>\n\t\t\t\t<\/div>\n\t\t<div class=\"elementor-element elementor-element-b4a2e96 e-con-full e-flex e-con e-child\" data-id=\"b4a2e96\" data-element_type=\"container\" data-e-type=\"container\" data-settings=\"{&quot;jet_parallax_layout_list&quot;:[]}\">\n\t\t\t\t<div class=\"elementor-element elementor-element-05042cf elementor-widget elementor-widget-heading\" data-id=\"05042cf\" data-element_type=\"widget\" data-e-type=\"widget\" data-widget_type=\"heading.default\">\n\t\t\t\t<div class=\"elementor-widget-container\">\n\t\t\t\t\t<h2 class=\"elementor-heading-title elementor-size-default\">En caso de emergencia comunicarse con:<\/h2>\t\t\t\t<\/div>\n\t\t\t\t<\/div>\n\t\t\t\t<div class=\"elementor-element elementor-element-331449c elementor-widget elementor-widget-heading\" data-id=\"331449c\" data-element_type=\"widget\" data-e-type=\"widget\" data-widget_type=\"heading.default\">\n\t\t\t\t<div class=\"elementor-widget-container\">\n\t\t\t\t\t<h2 class=\"elementor-heading-title elementor-size-default\">RITA Chile (Red de Informaci\u00f3n Toxicol\u00f3gica y Alerta)<\/h2>\t\t\t\t<\/div>\n\t\t\t\t<\/div>\n\t\t\t\t<div class=\"elementor-element elementor-element-4c6c8aa elementor-icon-list--layout-traditional elementor-list-item-link-full_width elementor-widget elementor-widget-icon-list\" data-id=\"4c6c8aa\" data-element_type=\"widget\" data-e-type=\"widget\" data-widget_type=\"icon-list.default\">\n\t\t\t\t<div class=\"elementor-widget-container\">\n\t\t\t\t\t\t\t<ul class=\"elementor-icon-list-items\">\n\t\t\t\t\t\t\t<li class=\"elementor-icon-list-item\">\n\t\t\t\t\t\t\t\t\t\t\t<span class=\"elementor-icon-list-icon\">\n\t\t\t\t\t\t\t<svg aria-hidden=\"true\" class=\"e-font-icon-svg e-fas-phone-alt\" viewBox=\"0 0 512 512\" xmlns=\"http:\/\/www.w3.org\/2000\/svg\"><path d=\"M497.39 361.8l-112-48a24 24 0 0 0-28 6.9l-49.6 60.6A370.66 370.66 0 0 1 130.6 204.11l60.6-49.6a23.94 23.94 0 0 0 6.9-28l-48-112A24.16 24.16 0 0 0 122.6.61l-104 24A24 24 0 0 0 0 48c0 256.5 207.9 464 464 464a24 24 0 0 0 23.4-18.6l24-104a24.29 24.29 0 0 0-14.01-27.6z\"><\/path><\/svg>\t\t\t\t\t\t<\/span>\n\t\t\t\t\t\t\t\t\t\t<span class=\"elementor-icon-list-text\">Tel\u00e9fono: (2) 277 7 1994<\/span>\n\t\t\t\t\t\t\t\t\t<\/li>\n\t\t\t\t\t\t<\/ul>\n\t\t\t\t\t\t<\/div>\n\t\t\t\t<\/div>\n\t\t\t\t<\/div>\n\t\t\t\t<\/div>\n\t\t\t\t<div class=\"elementor-element elementor-element-78bd4d8 elementor-widget elementor-widget-spacer\" data-id=\"78bd4d8\" data-element_type=\"widget\" data-e-type=\"widget\" data-widget_type=\"spacer.default\">\n\t\t\t\t<div class=\"elementor-widget-container\">\n\t\t\t\t\t\t\t<div class=\"elementor-spacer\">\n\t\t\t<div class=\"elementor-spacer-inner\"><\/div>\n\t\t<\/div>\n\t\t\t\t\t\t<\/div>\n\t\t\t\t<\/div>\n\t\t\t\t\t<\/div>\n\t\t\t\t<\/div>\n\t\t\t\t<\/div>\n\t\t","protected":false},"excerpt":{"rendered":"<p>Usted est\u00e1 en: Inicio En caso de emergencia comunicarse con: RITA Chile (Red de Informaci\u00f3n Toxicol\u00f3gica y Alerta) Tel\u00e9fono: (2) 277 7 1994<\/p>\n","protected":false},"author":1,"featured_media":0,"parent":0,"menu_order":0,"comment_status":"closed","ping_status":"closed","template":"elementor_header_footer","meta":{"_joinchat":[],"footnotes":""},"class_list":["post-19790","page","type-page","status-publish","hentry"],"yoast_head":"<!-- This site is optimized with the Yoast SEO plugin v27.4 - https:\/\/yoast.com\/product\/yoast-seo-wordpress\/ -->\n<title>Emergencia Toxicol\u00f3gica | Anasac Agropecuario<\/title>\n<meta name=\"robots\" content=\"index, follow, max-snippet:-1, max-image-preview:large, max-video-preview:-1\" \/>\n<link rel=\"canonical\" href=\"https:\/\/anasac.cl\/agropecuario\/emergencia-toxicologica\/\" \/>\n<meta property=\"og:locale\" content=\"es_ES\" \/>\n<meta property=\"og:type\" content=\"article\" \/>\n<meta property=\"og:title\" content=\"Emergencia Toxicol\u00f3gica | Anasac Agropecuario\" \/>\n<meta property=\"og:description\" content=\"Usted est\u00e1 en: Inicio En caso de emergencia comunicarse con: RITA Chile (Red de Informaci\u00f3n Toxicol\u00f3gica y Alerta) Tel\u00e9fono: (2) 277 7 1994\" \/>\n<meta property=\"og:url\" content=\"https:\/\/anasac.cl\/agropecuario\/emergencia-toxicologica\/\" \/>\n<meta property=\"og:site_name\" content=\"Anasac Agropecuario\" \/>\n<meta property=\"article:publisher\" content=\"https:\/\/www.facebook.com\/anasac.chile\/\" \/>\n<meta property=\"article:modified_time\" content=\"2024-11-29T10:16:08+00:00\" \/>\n<meta property=\"og:image\" content=\"http:\/\/agropecuario.testprueba.pro\/wp-content\/uploads\/sites\/2\/2024\/11\/logo-Rita.jpg\" \/>\n<meta name=\"twitter:card\" content=\"summary_large_image\" \/>\n<script type=\"application\/ld+json\" class=\"yoast-schema-graph\">{\"@context\":\"https:\\\/\\\/schema.org\",\"@graph\":[{\"@type\":\"WebPage\",\"@id\":\"https:\\\/\\\/anasac.cl\\\/agropecuario\\\/emergencia-toxicologica\\\/\",\"url\":\"https:\\\/\\\/anasac.cl\\\/agropecuario\\\/emergencia-toxicologica\\\/\",\"name\":\"Emergencia Toxicol\u00f3gica | Anasac Agropecuario\",\"isPartOf\":{\"@id\":\"https:\\\/\\\/anasac.cl\\\/agropecuario\\\/#website\"},\"primaryImageOfPage\":{\"@id\":\"https:\\\/\\\/anasac.cl\\\/agropecuario\\\/emergencia-toxicologica\\\/#primaryimage\"},\"image\":{\"@id\":\"https:\\\/\\\/anasac.cl\\\/agropecuario\\\/emergencia-toxicologica\\\/#primaryimage\"},\"thumbnailUrl\":\"http:\\\/\\\/agropecuario.testprueba.pro\\\/wp-content\\\/uploads\\\/sites\\\/2\\\/2024\\\/11\\\/logo-Rita.jpg\",\"datePublished\":\"2024-11-29T10:11:40+00:00\",\"dateModified\":\"2024-11-29T10:16:08+00:00\",\"breadcrumb\":{\"@id\":\"https:\\\/\\\/anasac.cl\\\/agropecuario\\\/emergencia-toxicologica\\\/#breadcrumb\"},\"inLanguage\":\"es\",\"potentialAction\":[{\"@type\":\"ReadAction\",\"target\":[\"https:\\\/\\\/anasac.cl\\\/agropecuario\\\/emergencia-toxicologica\\\/\"]}]},{\"@type\":\"ImageObject\",\"inLanguage\":\"es\",\"@id\":\"https:\\\/\\\/anasac.cl\\\/agropecuario\\\/emergencia-toxicologica\\\/#primaryimage\",\"url\":\"http:\\\/\\\/agropecuario.testprueba.pro\\\/wp-content\\\/uploads\\\/sites\\\/2\\\/2024\\\/11\\\/logo-Rita.jpg\",\"contentUrl\":\"http:\\\/\\\/agropecuario.testprueba.pro\\\/wp-content\\\/uploads\\\/sites\\\/2\\\/2024\\\/11\\\/logo-Rita.jpg\"},{\"@type\":\"BreadcrumbList\",\"@id\":\"https:\\\/\\\/anasac.cl\\\/agropecuario\\\/emergencia-toxicologica\\\/#breadcrumb\",\"itemListElement\":[{\"@type\":\"ListItem\",\"position\":1,\"name\":\"Portada\",\"item\":\"https:\\\/\\\/anasac.cl\\\/agropecuario\\\/\"},{\"@type\":\"ListItem\",\"position\":2,\"name\":\"Emergencia Toxicol\u00f3gica\"}]},{\"@type\":\"WebSite\",\"@id\":\"https:\\\/\\\/anasac.cl\\\/agropecuario\\\/#website\",\"url\":\"https:\\\/\\\/anasac.cl\\\/agropecuario\\\/\",\"name\":\"Anasac Agropecuario\",\"description\":\"Impulsando un mejor futuro\",\"publisher\":{\"@id\":\"https:\\\/\\\/anasac.cl\\\/agropecuario\\\/#organization\"},\"potentialAction\":[{\"@type\":\"SearchAction\",\"target\":{\"@type\":\"EntryPoint\",\"urlTemplate\":\"https:\\\/\\\/anasac.cl\\\/agropecuario\\\/?s={search_term_string}\"},\"query-input\":{\"@type\":\"PropertyValueSpecification\",\"valueRequired\":true,\"valueName\":\"search_term_string\"}}],\"inLanguage\":\"es\"},{\"@type\":\"Organization\",\"@id\":\"https:\\\/\\\/anasac.cl\\\/agropecuario\\\/#organization\",\"name\":\"Anasac Agropecuario\",\"url\":\"https:\\\/\\\/anasac.cl\\\/agropecuario\\\/\",\"logo\":{\"@type\":\"ImageObject\",\"inLanguage\":\"es\",\"@id\":\"https:\\\/\\\/anasac.cl\\\/agropecuario\\\/#\\\/schema\\\/logo\\\/image\\\/\",\"url\":\"https:\\\/\\\/anasac.cl\\\/agropecuario\\\/wp-content\\\/uploads\\\/sites\\\/2\\\/2024\\\/11\\\/LOGO-ANASAC-COMPACTO-COLOR.png\",\"contentUrl\":\"https:\\\/\\\/anasac.cl\\\/agropecuario\\\/wp-content\\\/uploads\\\/sites\\\/2\\\/2024\\\/11\\\/LOGO-ANASAC-COMPACTO-COLOR.png\",\"width\":888,\"height\":233,\"caption\":\"Anasac Agropecuario\"},\"image\":{\"@id\":\"https:\\\/\\\/anasac.cl\\\/agropecuario\\\/#\\\/schema\\\/logo\\\/image\\\/\"},\"sameAs\":[\"https:\\\/\\\/www.facebook.com\\\/anasac.chile\\\/\",\"https:\\\/\\\/www.linkedin.com\\\/company\\\/anasac\\\/\",\"https:\\\/\\\/www.instagram.com\\\/anasac_chile\\\/\"]}]}<\/script>\n<!-- \/ Yoast SEO plugin. -->","yoast_head_json":{"title":"Emergencia Toxicol\u00f3gica | Anasac Agropecuario","robots":{"index":"index","follow":"follow","max-snippet":"max-snippet:-1","max-image-preview":"max-image-preview:large","max-video-preview":"max-video-preview:-1"},"canonical":"https:\/\/anasac.cl\/agropecuario\/emergencia-toxicologica\/","og_locale":"es_ES","og_type":"article","og_title":"Emergencia Toxicol\u00f3gica | Anasac Agropecuario","og_description":"Usted est\u00e1 en: Inicio En caso de emergencia comunicarse con: RITA Chile (Red de Informaci\u00f3n Toxicol\u00f3gica y Alerta) Tel\u00e9fono: (2) 277 7 1994","og_url":"https:\/\/anasac.cl\/agropecuario\/emergencia-toxicologica\/","og_site_name":"Anasac Agropecuario","article_publisher":"https:\/\/www.facebook.com\/anasac.chile\/","article_modified_time":"2024-11-29T10:16:08+00:00","og_image":[{"url":"http:\/\/agropecuario.testprueba.pro\/wp-content\/uploads\/sites\/2\/2024\/11\/logo-Rita.jpg","type":"","width":"","height":""}],"twitter_card":"summary_large_image","schema":{"@context":"https:\/\/schema.org","@graph":[{"@type":"WebPage","@id":"https:\/\/anasac.cl\/agropecuario\/emergencia-toxicologica\/","url":"https:\/\/anasac.cl\/agropecuario\/emergencia-toxicologica\/","name":"Emergencia Toxicol\u00f3gica | Anasac Agropecuario","isPartOf":{"@id":"https:\/\/anasac.cl\/agropecuario\/#website"},"primaryImageOfPage":{"@id":"https:\/\/anasac.cl\/agropecuario\/emergencia-toxicologica\/#primaryimage"},"image":{"@id":"https:\/\/anasac.cl\/agropecuario\/emergencia-toxicologica\/#primaryimage"},"thumbnailUrl":"http:\/\/agropecuario.testprueba.pro\/wp-content\/uploads\/sites\/2\/2024\/11\/logo-Rita.jpg","datePublished":"2024-11-29T10:11:40+00:00","dateModified":"2024-11-29T10:16:08+00:00","breadcrumb":{"@id":"https:\/\/anasac.cl\/agropecuario\/emergencia-toxicologica\/#breadcrumb"},"inLanguage":"es","potentialAction":[{"@type":"ReadAction","target":["https:\/\/anasac.cl\/agropecuario\/emergencia-toxicologica\/"]}]},{"@type":"ImageObject","inLanguage":"es","@id":"https:\/\/anasac.cl\/agropecuario\/emergencia-toxicologica\/#primaryimage","url":"http:\/\/agropecuario.testprueba.pro\/wp-content\/uploads\/sites\/2\/2024\/11\/logo-Rita.jpg","contentUrl":"http:\/\/agropecuario.testprueba.pro\/wp-content\/uploads\/sites\/2\/2024\/11\/logo-Rita.jpg"},{"@type":"BreadcrumbList","@id":"https:\/\/anasac.cl\/agropecuario\/emergencia-toxicologica\/#breadcrumb","itemListElement":[{"@type":"ListItem","position":1,"name":"Portada","item":"https:\/\/anasac.cl\/agropecuario\/"},{"@type":"ListItem","position":2,"name":"Emergencia Toxicol\u00f3gica"}]},{"@type":"WebSite","@id":"https:\/\/anasac.cl\/agropecuario\/#website","url":"https:\/\/anasac.cl\/agropecuario\/","name":"Anasac Agropecuario","description":"Impulsando un mejor futuro","publisher":{"@id":"https:\/\/anasac.cl\/agropecuario\/#organization"},"potentialAction":[{"@type":"SearchAction","target":{"@type":"EntryPoint","urlTemplate":"https:\/\/anasac.cl\/agropecuario\/?s={search_term_string}"},"query-input":{"@type":"PropertyValueSpecification","valueRequired":true,"valueName":"search_term_string"}}],"inLanguage":"es"},{"@type":"Organization","@id":"https:\/\/anasac.cl\/agropecuario\/#organization","name":"Anasac Agropecuario","url":"https:\/\/anasac.cl\/agropecuario\/","logo":{"@type":"ImageObject","inLanguage":"es","@id":"https:\/\/anasac.cl\/agropecuario\/#\/schema\/logo\/image\/","url":"https:\/\/anasac.cl\/agropecuario\/wp-content\/uploads\/sites\/2\/2024\/11\/LOGO-ANASAC-COMPACTO-COLOR.png","contentUrl":"https:\/\/anasac.cl\/agropecuario\/wp-content\/uploads\/sites\/2\/2024\/11\/LOGO-ANASAC-COMPACTO-COLOR.png","width":888,"height":233,"caption":"Anasac Agropecuario"},"image":{"@id":"https:\/\/anasac.cl\/agropecuario\/#\/schema\/logo\/image\/"},"sameAs":["https:\/\/www.facebook.com\/anasac.chile\/","https:\/\/www.linkedin.com\/company\/anasac\/","https:\/\/www.instagram.com\/anasac_chile\/"]}]}},"_links":{"self":[{"href":"https:\/\/anasac.cl\/agropecuario\/wp-json\/wp\/v2\/pages\/19790","targetHints":{"allow":["GET"]}}],"collection":[{"href":"https:\/\/anasac.cl\/agropecuario\/wp-json\/wp\/v2\/pages"}],"about":[{"href":"https:\/\/anasac.cl\/agropecuario\/wp-json\/wp\/v2\/types\/page"}],"author":[{"embeddable":true,"href":"https:\/\/anasac.cl\/agropecuario\/wp-json\/wp\/v2\/users\/1"}],"replies":[{"embeddable":true,"href":"https:\/\/anasac.cl\/agropecuario\/wp-json\/wp\/v2\/comments?post=19790"}],"version-history":[{"count":7,"href":"https:\/\/anasac.cl\/agropecuario\/wp-json\/wp\/v2\/pages\/19790\/revisions"}],"predecessor-version":[{"id":19798,"href":"https:\/\/anasac.cl\/agropecuario\/wp-json\/wp\/v2\/pages\/19790\/revisions\/19798"}],"wp:attachment":[{"href":"https:\/\/anasac.cl\/agropecuario\/wp-json\/wp\/v2\/media?parent=19790"}],"curies":[{"name":"wp","href":"https:\/\/api.w.org\/{rel}","templated":true}]}}