{"id":23636,"date":"2025-02-03T19:39:14","date_gmt":"2025-02-03T18:39:14","guid":{"rendered":"https:\/\/test.jancarlos.com.br\/agropecuario\/?page_id=23636"},"modified":"2025-02-03T19:43:33","modified_gmt":"2025-02-03T18:43:33","slug":"pagina-control-biologico-de-plagas","status":"publish","type":"page","link":"https:\/\/anasac.cl\/agropecuario\/pagina-control-biologico-de-plagas\/","title":{"rendered":"P\u00e1gina Control Biol\u00f3gico de Plagas"},"content":{"rendered":"\t\t<div data-elementor-type=\"wp-page\" data-elementor-id=\"23636\" class=\"elementor elementor-23636\" data-elementor-post-type=\"page\">\n\t\t\t\t<div class=\"elementor-element elementor-element-332d14c e-flex e-con-boxed e-con e-parent\" data-id=\"332d14c\" data-element_type=\"container\" data-e-type=\"container\" data-settings=\"{&quot;jet_parallax_layout_list&quot;:[]}\">\n\t\t\t\t\t<div class=\"e-con-inner\">\n\t\t<div class=\"elementor-element elementor-element-59e13f2 e-con-full e-flex e-con e-child\" data-id=\"59e13f2\" data-element_type=\"container\" data-e-type=\"container\" data-settings=\"{&quot;jet_parallax_layout_list&quot;:[]}\">\n\t\t\t\t<div class=\"elementor-element elementor-element-7260188 elementor-widget elementor-widget-heading\" data-id=\"7260188\" data-element_type=\"widget\" data-e-type=\"widget\" data-widget_type=\"heading.default\">\n\t\t\t\t<div class=\"elementor-widget-container\">\n\t\t\t\t\t<h2 class=\"elementor-heading-title elementor-size-default\">Control Biol\u00f3gico de Plagas<\/h2>\t\t\t\t<\/div>\n\t\t\t\t<\/div>\n\t\t\t\t<div class=\"elementor-element elementor-element-2b8b09e elementor-widget elementor-widget-text-editor\" data-id=\"2b8b09e\" data-element_type=\"widget\" data-e-type=\"widget\" data-widget_type=\"text-editor.default\">\n\t\t\t\t<div class=\"elementor-widget-container\">\n\t\t\t\t\t\t\t\t\t<div class=\"contenido-control\"><p>Nuestro objetivo es ofrecer a los agricultores soluciones a sus problemas fitosanitarios que sean eficaces, integradas y sostenibles, de acuerdo con Global GAP, Rainforest, Producci\u00f3n Org\u00e1nica y otros protocolos de exportaci\u00f3n. Con este fin, hemos desarrollado programas de MIP que incluyen:<\/p><\/div><div class=\"contenedor-lista\"><ul class=\"lista-control\"><li>Servicio de monitoreo de plagas y enemigos naturales (PMS)<\/li><li>Producci\u00f3n de agentes de control biol\u00f3gico<\/li><li>Programas integrados de control biol\u00f3gico.<\/li><li>Programas de eficacia y selectividad de productos fitosanitarios.<\/li><li>Cursos de formaci\u00f3n y asesoramiento t\u00e9cnico.<\/li><\/ul><\/div>\t\t\t\t\t\t\t\t<\/div>\n\t\t\t\t<\/div>\n\t\t\t\t<div class=\"elementor-element elementor-element-69dbeea elementor-widget elementor-widget-button\" data-id=\"69dbeea\" data-element_type=\"widget\" data-e-type=\"widget\" data-widget_type=\"button.default\">\n\t\t\t\t<div class=\"elementor-widget-container\">\n\t\t\t\t\t\t\t\t\t<div class=\"elementor-button-wrapper\">\n\t\t\t\t\t<a class=\"elementor-button elementor-button-link elementor-size-sm\" href=\"https:\/\/www.xilema.cl\/\" target=\"_blank\">\n\t\t\t\t\t\t<span class=\"elementor-button-content-wrapper\">\n\t\t\t\t\t\t\t\t\t<span class=\"elementor-button-text\">Ver m\u00e1s<\/span>\n\t\t\t\t\t<\/span>\n\t\t\t\t\t<\/a>\n\t\t\t\t<\/div>\n\t\t\t\t\t\t\t\t<\/div>\n\t\t\t\t<\/div>\n\t\t\t\t<\/div>\n\t\t<div class=\"elementor-element elementor-element-d957cce e-con-full e-flex e-con e-child\" data-id=\"d957cce\" data-element_type=\"container\" data-e-type=\"container\" data-settings=\"{&quot;jet_parallax_layout_list&quot;:[]}\">\n\t\t\t\t<div class=\"elementor-element elementor-element-a00fcc8 elementor-widget elementor-widget-image\" data-id=\"a00fcc8\" data-element_type=\"widget\" data-e-type=\"widget\" data-widget_type=\"image.default\">\n\t\t\t\t<div class=\"elementor-widget-container\">\n\t\t\t\t\t\t\t\t\t\t\t\t\t\t\t<img loading=\"lazy\" decoding=\"async\" width=\"2560\" height=\"1249\" src=\"https:\/\/anasac.cl\/agropecuario\/wp-content\/uploads\/sites\/2\/2025\/02\/Cryptolaemus-alta-scaled-1.jpg\" class=\"attachment-full size-full wp-image-23639\" alt=\"\" srcset=\"https:\/\/anasac.cl\/agropecuario\/wp-content\/uploads\/sites\/2\/2025\/02\/Cryptolaemus-alta-scaled-1.jpg 2560w, https:\/\/anasac.cl\/agropecuario\/wp-content\/uploads\/sites\/2\/2025\/02\/Cryptolaemus-alta-scaled-1-300x146.jpg 300w, https:\/\/anasac.cl\/agropecuario\/wp-content\/uploads\/sites\/2\/2025\/02\/Cryptolaemus-alta-scaled-1-1024x500.jpg 1024w, https:\/\/anasac.cl\/agropecuario\/wp-content\/uploads\/sites\/2\/2025\/02\/Cryptolaemus-alta-scaled-1-768x375.jpg 768w, https:\/\/anasac.cl\/agropecuario\/wp-content\/uploads\/sites\/2\/2025\/02\/Cryptolaemus-alta-scaled-1-1536x749.jpg 1536w, https:\/\/anasac.cl\/agropecuario\/wp-content\/uploads\/sites\/2\/2025\/02\/Cryptolaemus-alta-scaled-1-2048x999.jpg 2048w\" sizes=\"auto, (max-width: 2560px) 100vw, 2560px\" \/>\t\t\t\t\t\t\t\t\t\t\t\t\t\t\t<\/div>\n\t\t\t\t<\/div>\n\t\t\t\t<\/div>\n\t\t\t\t\t<\/div>\n\t\t\t\t<\/div>\n\t\t\t\t<\/div>\n\t\t","protected":false},"excerpt":{"rendered":"<p>Control Biol\u00f3gico de Plagas Nuestro objetivo es ofrecer a los agricultores soluciones a sus problemas fitosanitarios que sean eficaces, integradas y sostenibles, de acuerdo con Global GAP, Rainforest, Producci\u00f3n Org\u00e1nica y otros protocolos de exportaci\u00f3n. Con este fin, hemos desarrollado programas de MIP que incluyen: Servicio de monitoreo de plagas y enemigos naturales (PMS) Producci\u00f3n [&hellip;]<\/p>\n","protected":false},"author":1,"featured_media":0,"parent":0,"menu_order":0,"comment_status":"closed","ping_status":"closed","template":"elementor_header_footer","meta":{"_joinchat":[],"footnotes":""},"class_list":["post-23636","page","type-page","status-publish","hentry"],"yoast_head":"<!-- This site is optimized with the Yoast SEO plugin v27.4 - https:\/\/yoast.com\/product\/yoast-seo-wordpress\/ -->\n<title>P\u00e1gina Control Biol\u00f3gico de Plagas | Anasac Agropecuario<\/title>\n<meta name=\"robots\" content=\"index, follow, max-snippet:-1, max-image-preview:large, max-video-preview:-1\" \/>\n<link rel=\"canonical\" href=\"https:\/\/anasac.cl\/agropecuario\/pagina-control-biologico-de-plagas\/\" \/>\n<meta property=\"og:locale\" content=\"es_ES\" \/>\n<meta property=\"og:type\" content=\"article\" \/>\n<meta property=\"og:title\" content=\"P\u00e1gina Control Biol\u00f3gico de Plagas | Anasac Agropecuario\" \/>\n<meta property=\"og:description\" content=\"Control Biol\u00f3gico de Plagas Nuestro objetivo es ofrecer a los agricultores soluciones a sus problemas fitosanitarios que sean eficaces, integradas y sostenibles, de acuerdo con Global GAP, Rainforest, Producci\u00f3n Org\u00e1nica y otros protocolos de exportaci\u00f3n. Con este fin, hemos desarrollado programas de MIP que incluyen: Servicio de monitoreo de plagas y enemigos naturales (PMS) Producci\u00f3n [&hellip;]\" \/>\n<meta property=\"og:url\" content=\"https:\/\/anasac.cl\/agropecuario\/pagina-control-biologico-de-plagas\/\" \/>\n<meta property=\"og:site_name\" content=\"Anasac Agropecuario\" \/>\n<meta property=\"article:publisher\" content=\"https:\/\/www.facebook.com\/anasac.chile\/\" \/>\n<meta property=\"article:modified_time\" content=\"2025-02-03T18:43:33+00:00\" \/>\n<meta property=\"og:image\" content=\"https:\/\/anasac.cl\/agropecuario\/wp-content\/uploads\/sites\/2\/2025\/02\/Cryptolaemus-alta-scaled-1.jpg\" \/>\n<meta name=\"twitter:card\" content=\"summary_large_image\" \/>\n<script type=\"application\/ld+json\" class=\"yoast-schema-graph\">{\"@context\":\"https:\\\/\\\/schema.org\",\"@graph\":[{\"@type\":\"WebPage\",\"@id\":\"https:\\\/\\\/anasac.cl\\\/agropecuario\\\/pagina-control-biologico-de-plagas\\\/\",\"url\":\"https:\\\/\\\/anasac.cl\\\/agropecuario\\\/pagina-control-biologico-de-plagas\\\/\",\"name\":\"P\u00e1gina Control Biol\u00f3gico de Plagas | Anasac Agropecuario\",\"isPartOf\":{\"@id\":\"https:\\\/\\\/anasac.cl\\\/agropecuario\\\/#website\"},\"primaryImageOfPage\":{\"@id\":\"https:\\\/\\\/anasac.cl\\\/agropecuario\\\/pagina-control-biologico-de-plagas\\\/#primaryimage\"},\"image\":{\"@id\":\"https:\\\/\\\/anasac.cl\\\/agropecuario\\\/pagina-control-biologico-de-plagas\\\/#primaryimage\"},\"thumbnailUrl\":\"https:\\\/\\\/anasac.cl\\\/agropecuario\\\/wp-content\\\/uploads\\\/sites\\\/2\\\/2025\\\/02\\\/Cryptolaemus-alta-scaled-1.jpg\",\"datePublished\":\"2025-02-03T18:39:14+00:00\",\"dateModified\":\"2025-02-03T18:43:33+00:00\",\"breadcrumb\":{\"@id\":\"https:\\\/\\\/anasac.cl\\\/agropecuario\\\/pagina-control-biologico-de-plagas\\\/#breadcrumb\"},\"inLanguage\":\"es\",\"potentialAction\":[{\"@type\":\"ReadAction\",\"target\":[\"https:\\\/\\\/anasac.cl\\\/agropecuario\\\/pagina-control-biologico-de-plagas\\\/\"]}]},{\"@type\":\"ImageObject\",\"inLanguage\":\"es\",\"@id\":\"https:\\\/\\\/anasac.cl\\\/agropecuario\\\/pagina-control-biologico-de-plagas\\\/#primaryimage\",\"url\":\"https:\\\/\\\/anasac.cl\\\/agropecuario\\\/wp-content\\\/uploads\\\/sites\\\/2\\\/2025\\\/02\\\/Cryptolaemus-alta-scaled-1.jpg\",\"contentUrl\":\"https:\\\/\\\/anasac.cl\\\/agropecuario\\\/wp-content\\\/uploads\\\/sites\\\/2\\\/2025\\\/02\\\/Cryptolaemus-alta-scaled-1.jpg\",\"width\":2560,\"height\":1249},{\"@type\":\"BreadcrumbList\",\"@id\":\"https:\\\/\\\/anasac.cl\\\/agropecuario\\\/pagina-control-biologico-de-plagas\\\/#breadcrumb\",\"itemListElement\":[{\"@type\":\"ListItem\",\"position\":1,\"name\":\"Portada\",\"item\":\"https:\\\/\\\/anasac.cl\\\/agropecuario\\\/\"},{\"@type\":\"ListItem\",\"position\":2,\"name\":\"P\u00e1gina Control Biol\u00f3gico de Plagas\"}]},{\"@type\":\"WebSite\",\"@id\":\"https:\\\/\\\/anasac.cl\\\/agropecuario\\\/#website\",\"url\":\"https:\\\/\\\/anasac.cl\\\/agropecuario\\\/\",\"name\":\"Anasac Agropecuario\",\"description\":\"Impulsando un mejor futuro\",\"publisher\":{\"@id\":\"https:\\\/\\\/anasac.cl\\\/agropecuario\\\/#organization\"},\"potentialAction\":[{\"@type\":\"SearchAction\",\"target\":{\"@type\":\"EntryPoint\",\"urlTemplate\":\"https:\\\/\\\/anasac.cl\\\/agropecuario\\\/?s={search_term_string}\"},\"query-input\":{\"@type\":\"PropertyValueSpecification\",\"valueRequired\":true,\"valueName\":\"search_term_string\"}}],\"inLanguage\":\"es\"},{\"@type\":\"Organization\",\"@id\":\"https:\\\/\\\/anasac.cl\\\/agropecuario\\\/#organization\",\"name\":\"Anasac Agropecuario\",\"url\":\"https:\\\/\\\/anasac.cl\\\/agropecuario\\\/\",\"logo\":{\"@type\":\"ImageObject\",\"inLanguage\":\"es\",\"@id\":\"https:\\\/\\\/anasac.cl\\\/agropecuario\\\/#\\\/schema\\\/logo\\\/image\\\/\",\"url\":\"https:\\\/\\\/anasac.cl\\\/agropecuario\\\/wp-content\\\/uploads\\\/sites\\\/2\\\/2024\\\/11\\\/LOGO-ANASAC-COMPACTO-COLOR.png\",\"contentUrl\":\"https:\\\/\\\/anasac.cl\\\/agropecuario\\\/wp-content\\\/uploads\\\/sites\\\/2\\\/2024\\\/11\\\/LOGO-ANASAC-COMPACTO-COLOR.png\",\"width\":888,\"height\":233,\"caption\":\"Anasac Agropecuario\"},\"image\":{\"@id\":\"https:\\\/\\\/anasac.cl\\\/agropecuario\\\/#\\\/schema\\\/logo\\\/image\\\/\"},\"sameAs\":[\"https:\\\/\\\/www.facebook.com\\\/anasac.chile\\\/\",\"https:\\\/\\\/www.linkedin.com\\\/company\\\/anasac\\\/\",\"https:\\\/\\\/www.instagram.com\\\/anasac_chile\\\/\"]}]}<\/script>\n<!-- \/ Yoast SEO plugin. -->","yoast_head_json":{"title":"P\u00e1gina Control Biol\u00f3gico de Plagas | Anasac Agropecuario","robots":{"index":"index","follow":"follow","max-snippet":"max-snippet:-1","max-image-preview":"max-image-preview:large","max-video-preview":"max-video-preview:-1"},"canonical":"https:\/\/anasac.cl\/agropecuario\/pagina-control-biologico-de-plagas\/","og_locale":"es_ES","og_type":"article","og_title":"P\u00e1gina Control Biol\u00f3gico de Plagas | Anasac Agropecuario","og_description":"Control Biol\u00f3gico de Plagas Nuestro objetivo es ofrecer a los agricultores soluciones a sus problemas fitosanitarios que sean eficaces, integradas y sostenibles, de acuerdo con Global GAP, Rainforest, Producci\u00f3n Org\u00e1nica y otros protocolos de exportaci\u00f3n. Con este fin, hemos desarrollado programas de MIP que incluyen: Servicio de monitoreo de plagas y enemigos naturales (PMS) Producci\u00f3n [&hellip;]","og_url":"https:\/\/anasac.cl\/agropecuario\/pagina-control-biologico-de-plagas\/","og_site_name":"Anasac Agropecuario","article_publisher":"https:\/\/www.facebook.com\/anasac.chile\/","article_modified_time":"2025-02-03T18:43:33+00:00","og_image":[{"url":"https:\/\/anasac.cl\/agropecuario\/wp-content\/uploads\/sites\/2\/2025\/02\/Cryptolaemus-alta-scaled-1.jpg","type":"","width":"","height":""}],"twitter_card":"summary_large_image","schema":{"@context":"https:\/\/schema.org","@graph":[{"@type":"WebPage","@id":"https:\/\/anasac.cl\/agropecuario\/pagina-control-biologico-de-plagas\/","url":"https:\/\/anasac.cl\/agropecuario\/pagina-control-biologico-de-plagas\/","name":"P\u00e1gina Control Biol\u00f3gico de Plagas | Anasac Agropecuario","isPartOf":{"@id":"https:\/\/anasac.cl\/agropecuario\/#website"},"primaryImageOfPage":{"@id":"https:\/\/anasac.cl\/agropecuario\/pagina-control-biologico-de-plagas\/#primaryimage"},"image":{"@id":"https:\/\/anasac.cl\/agropecuario\/pagina-control-biologico-de-plagas\/#primaryimage"},"thumbnailUrl":"https:\/\/anasac.cl\/agropecuario\/wp-content\/uploads\/sites\/2\/2025\/02\/Cryptolaemus-alta-scaled-1.jpg","datePublished":"2025-02-03T18:39:14+00:00","dateModified":"2025-02-03T18:43:33+00:00","breadcrumb":{"@id":"https:\/\/anasac.cl\/agropecuario\/pagina-control-biologico-de-plagas\/#breadcrumb"},"inLanguage":"es","potentialAction":[{"@type":"ReadAction","target":["https:\/\/anasac.cl\/agropecuario\/pagina-control-biologico-de-plagas\/"]}]},{"@type":"ImageObject","inLanguage":"es","@id":"https:\/\/anasac.cl\/agropecuario\/pagina-control-biologico-de-plagas\/#primaryimage","url":"https:\/\/anasac.cl\/agropecuario\/wp-content\/uploads\/sites\/2\/2025\/02\/Cryptolaemus-alta-scaled-1.jpg","contentUrl":"https:\/\/anasac.cl\/agropecuario\/wp-content\/uploads\/sites\/2\/2025\/02\/Cryptolaemus-alta-scaled-1.jpg","width":2560,"height":1249},{"@type":"BreadcrumbList","@id":"https:\/\/anasac.cl\/agropecuario\/pagina-control-biologico-de-plagas\/#breadcrumb","itemListElement":[{"@type":"ListItem","position":1,"name":"Portada","item":"https:\/\/anasac.cl\/agropecuario\/"},{"@type":"ListItem","position":2,"name":"P\u00e1gina Control Biol\u00f3gico de Plagas"}]},{"@type":"WebSite","@id":"https:\/\/anasac.cl\/agropecuario\/#website","url":"https:\/\/anasac.cl\/agropecuario\/","name":"Anasac Agropecuario","description":"Impulsando un mejor futuro","publisher":{"@id":"https:\/\/anasac.cl\/agropecuario\/#organization"},"potentialAction":[{"@type":"SearchAction","target":{"@type":"EntryPoint","urlTemplate":"https:\/\/anasac.cl\/agropecuario\/?s={search_term_string}"},"query-input":{"@type":"PropertyValueSpecification","valueRequired":true,"valueName":"search_term_string"}}],"inLanguage":"es"},{"@type":"Organization","@id":"https:\/\/anasac.cl\/agropecuario\/#organization","name":"Anasac Agropecuario","url":"https:\/\/anasac.cl\/agropecuario\/","logo":{"@type":"ImageObject","inLanguage":"es","@id":"https:\/\/anasac.cl\/agropecuario\/#\/schema\/logo\/image\/","url":"https:\/\/anasac.cl\/agropecuario\/wp-content\/uploads\/sites\/2\/2024\/11\/LOGO-ANASAC-COMPACTO-COLOR.png","contentUrl":"https:\/\/anasac.cl\/agropecuario\/wp-content\/uploads\/sites\/2\/2024\/11\/LOGO-ANASAC-COMPACTO-COLOR.png","width":888,"height":233,"caption":"Anasac Agropecuario"},"image":{"@id":"https:\/\/anasac.cl\/agropecuario\/#\/schema\/logo\/image\/"},"sameAs":["https:\/\/www.facebook.com\/anasac.chile\/","https:\/\/www.linkedin.com\/company\/anasac\/","https:\/\/www.instagram.com\/anasac_chile\/"]}]}},"_links":{"self":[{"href":"https:\/\/anasac.cl\/agropecuario\/wp-json\/wp\/v2\/pages\/23636","targetHints":{"allow":["GET"]}}],"collection":[{"href":"https:\/\/anasac.cl\/agropecuario\/wp-json\/wp\/v2\/pages"}],"about":[{"href":"https:\/\/anasac.cl\/agropecuario\/wp-json\/wp\/v2\/types\/page"}],"author":[{"embeddable":true,"href":"https:\/\/anasac.cl\/agropecuario\/wp-json\/wp\/v2\/users\/1"}],"replies":[{"embeddable":true,"href":"https:\/\/anasac.cl\/agropecuario\/wp-json\/wp\/v2\/comments?post=23636"}],"version-history":[{"count":4,"href":"https:\/\/anasac.cl\/agropecuario\/wp-json\/wp\/v2\/pages\/23636\/revisions"}],"predecessor-version":[{"id":23642,"href":"https:\/\/anasac.cl\/agropecuario\/wp-json\/wp\/v2\/pages\/23636\/revisions\/23642"}],"wp:attachment":[{"href":"https:\/\/anasac.cl\/agropecuario\/wp-json\/wp\/v2\/media?parent=23636"}],"curies":[{"name":"wp","href":"https:\/\/api.w.org\/{rel}","templated":true}]}}