{"id":78,"date":"2024-12-18T19:27:39","date_gmt":"2024-12-18T18:27:39","guid":{"rendered":"https:\/\/test.jancarlos.com.br\/analisis-de-semillas\/?page_id=78"},"modified":"2024-12-18T19:36:33","modified_gmt":"2024-12-18T18:36:33","slug":"quienes-somos","status":"publish","type":"page","link":"https:\/\/anasac.cl\/analisis-de-semillas\/quienes-somos\/","title":{"rendered":"Quienes somos"},"content":{"rendered":"\t\t<div data-elementor-type=\"wp-page\" data-elementor-id=\"78\" class=\"elementor elementor-78\" data-elementor-post-type=\"page\">\n\t\t\t\t<div class=\"elementor-element elementor-element-75cd62e e-flex e-con-boxed e-con e-parent\" data-id=\"75cd62e\" data-element_type=\"container\" data-e-type=\"container\" data-settings=\"{&quot;jet_parallax_layout_list&quot;:[]}\">\n\t\t\t\t\t<div class=\"e-con-inner\">\n\t\t<div class=\"elementor-element elementor-element-847240b e-con-full e-flex e-con e-child\" data-id=\"847240b\" data-element_type=\"container\" data-e-type=\"container\" data-settings=\"{&quot;jet_parallax_layout_list&quot;:[]}\">\n\t\t\t\t<div class=\"elementor-element elementor-element-4e1a256 elementor-widget elementor-widget-jet-breadcrumbs\" data-id=\"4e1a256\" data-element_type=\"widget\" data-e-type=\"widget\" data-widget_type=\"jet-breadcrumbs.default\">\n\t\t\t\t<div class=\"elementor-widget-container\">\n\t\t\t\t\t<div class=\"elementor-jet-breadcrumbs jet-blocks\">\n\t\t<div class=\"jet-breadcrumbs\">\n\t\t<div class=\"jet-breadcrumbs__content\">\n\t\t\t<div class=\"jet-breadcrumbs__browse\">Usted est\u00e1 en: <\/div> \n\t\t<div class=\"jet-breadcrumbs__wrap\"><div class=\"jet-breadcrumbs__item\"><a href=\"https:\/\/anasac.cl\/analisis-de-semillas\/\" class=\"jet-breadcrumbs__item-link is-home\" rel=\"home\" title=\"Inicio\">Inicio<\/a><\/div>\n\t\t<\/div>\n\t\t<\/div>\n\t\t<\/div><\/div>\t\t\t\t<\/div>\n\t\t\t\t<\/div>\n\t\t\t\t<div class=\"elementor-element elementor-element-209abfe elementor-widget-divider--view-line elementor-widget elementor-widget-divider\" data-id=\"209abfe\" data-element_type=\"widget\" data-e-type=\"widget\" data-widget_type=\"divider.default\">\n\t\t\t\t<div class=\"elementor-widget-container\">\n\t\t\t\t\t\t\t<div class=\"elementor-divider\">\n\t\t\t<span class=\"elementor-divider-separator\">\n\t\t\t\t\t\t<\/span>\n\t\t<\/div>\n\t\t\t\t\t\t<\/div>\n\t\t\t\t<\/div>\n\t\t\t\t<\/div>\n\t\t<div class=\"elementor-element elementor-element-4e269c5 e-con-full e-flex e-con e-child\" data-id=\"4e269c5\" data-element_type=\"container\" data-e-type=\"container\" data-settings=\"{&quot;background_background&quot;:&quot;classic&quot;,&quot;jet_parallax_layout_list&quot;:[]}\">\n\t\t<div class=\"elementor-element elementor-element-454a221 e-con-full e-flex e-con e-child\" data-id=\"454a221\" data-element_type=\"container\" data-e-type=\"container\" data-settings=\"{&quot;jet_parallax_layout_list&quot;:[]}\">\n\t\t\t\t<div class=\"elementor-element elementor-element-12bb7b6 elementor-widget elementor-widget-heading\" data-id=\"12bb7b6\" data-element_type=\"widget\" data-e-type=\"widget\" data-widget_type=\"heading.default\">\n\t\t\t\t<div class=\"elementor-widget-container\">\n\t\t\t\t\t<h2 class=\"elementor-heading-title elementor-size-default\">Certificando la productividad de su negocio<\/h2>\t\t\t\t<\/div>\n\t\t\t\t<\/div>\n\t\t\t\t<div class=\"elementor-element elementor-element-ccf1ff9 elementor-widget elementor-widget-text-editor\" data-id=\"ccf1ff9\" data-element_type=\"widget\" data-e-type=\"widget\" data-widget_type=\"text-editor.default\">\n\t\t\t\t<div class=\"elementor-widget-container\">\n\t\t\t\t\t\t\t\t\t<p>Por m\u00e1s de 25 a\u00f1os, Anasac ha desarrollado diversos an\u00e1lisis con la finalidad de establecer la calidad de sus semillas y as\u00ed, entregar a sus clientes un producto de gran calidad, tanto f\u00edsica como biol\u00f3gica. Hoy ponemos a disposici\u00f3n de agricultores, distribuidores y empresas productoras del pa\u00eds, un completo portafolio de servicios para el an\u00e1lisis de semillas de cualquier origen.<\/p><p>Anasac cuenta con dos laboratorios completamente equipados, uno en la Regi\u00f3n Metropolitana y otro en la Regi\u00f3n de La Araucan\u00eda, certificados bajo la norma ISO 9001:2008 desde el a\u00f1o 2002. Adem\u00e1s, ambos cuentan con autorizaci\u00f3n del SAG (Servicio Agr\u00edcola y Ganadero) para analizar\u00a0 m\u00e1s de 70 especies de semillas de hortalizas, cereales, cultivos industriales, forrajeras y prados.<\/p><p>Todos los an\u00e1lisis se realizan bajo la metodolog\u00eda ISTA, entidad de car\u00e1cter internacional, que entrega y regula las normas de an\u00e1lisis de semillas. Por ello, \u00a0contamos con analistas debidamente capacitados y certificados por el SAG en esta metodolog\u00eda.<\/p><p>Los laboratorios de An\u00e1lisis de Semillas de Anasac son reconocidos por su calidad anal\u00edtica y r\u00e1pida respuesta.<\/p>\t\t\t\t\t\t\t\t<\/div>\n\t\t\t\t<\/div>\n\t\t\t\t<\/div>\n\t\t<div class=\"elementor-element elementor-element-223b783 e-con-full e-flex e-con e-child\" data-id=\"223b783\" data-element_type=\"container\" data-e-type=\"container\" data-settings=\"{&quot;jet_parallax_layout_list&quot;:[]}\">\n\t\t\t\t<div class=\"elementor-element elementor-element-5b85d91 elementor-pagination-position-outside elementor-widget elementor-widget-image-carousel\" data-id=\"5b85d91\" data-element_type=\"widget\" data-e-type=\"widget\" data-settings=\"{&quot;slides_to_show&quot;:&quot;1&quot;,&quot;navigation&quot;:&quot;dots&quot;,&quot;autoplay&quot;:&quot;yes&quot;,&quot;pause_on_hover&quot;:&quot;yes&quot;,&quot;pause_on_interaction&quot;:&quot;yes&quot;,&quot;autoplay_speed&quot;:5000,&quot;infinite&quot;:&quot;yes&quot;,&quot;effect&quot;:&quot;slide&quot;,&quot;speed&quot;:500}\" data-widget_type=\"image-carousel.default\">\n\t\t\t\t<div class=\"elementor-widget-container\">\n\t\t\t\t\t\t\t<div class=\"elementor-image-carousel-wrapper swiper\" role=\"region\" aria-roledescription=\"carousel\" aria-label=\"Carrusel de im\u00e1genes\" dir=\"ltr\">\n\t\t\t<div class=\"elementor-image-carousel swiper-wrapper\" aria-live=\"off\">\n\t\t\t\t\t\t\t\t<div class=\"swiper-slide\" role=\"group\" aria-roledescription=\"slide\" aria-label=\"1 de 4\"><figure class=\"swiper-slide-inner\"><img decoding=\"async\" class=\"swiper-slide-image\" src=\"https:\/\/anasac.cl\/analisis-de-semillas\/wp-content\/uploads\/sites\/7\/2024\/12\/Quienes-Somos-Equipo-Lo-Espejo_WEB.jpg\" alt=\"Qui\u00e9nes-Somos-Equipo-Lo-Espejo_WEB\" \/><\/figure><\/div><div class=\"swiper-slide\" role=\"group\" aria-roledescription=\"slide\" aria-label=\"2 de 4\"><figure class=\"swiper-slide-inner\"><img decoding=\"async\" class=\"swiper-slide-image\" src=\"https:\/\/anasac.cl\/analisis-de-semillas\/wp-content\/uploads\/sites\/7\/2024\/12\/Quienes-Somos-Vista-Laboratorio-Lautaro_WEB-1.jpg\" alt=\"Qui\u00e9nes-Somos-Vista-Laboratorio-Lautaro_WEB (1)\" \/><\/figure><\/div><div class=\"swiper-slide\" role=\"group\" aria-roledescription=\"slide\" aria-label=\"3 de 4\"><figure class=\"swiper-slide-inner\"><img decoding=\"async\" class=\"swiper-slide-image\" src=\"https:\/\/anasac.cl\/analisis-de-semillas\/wp-content\/uploads\/sites\/7\/2024\/12\/Quienes-Somos-Equipo-Lautaro_web.jpg\" alt=\"Qui\u00e9nes-Somos-Equipo-Lautaro_web\" \/><\/figure><\/div><div class=\"swiper-slide\" role=\"group\" aria-roledescription=\"slide\" aria-label=\"4 de 4\"><figure class=\"swiper-slide-inner\"><img decoding=\"async\" class=\"swiper-slide-image\" src=\"https:\/\/anasac.cl\/analisis-de-semillas\/wp-content\/uploads\/sites\/7\/2024\/12\/Quienes-Somos-Vista-Laboratorio-Lo-Espejo_WEB.jpg\" alt=\"Qui\u00e9nes-Somos-Vista-Laboratorio-Lo-Espejo_WEB\" \/><\/figure><\/div>\t\t\t<\/div>\n\t\t\t\t\t\t\t\n\t\t\t\t\t\t\t\t\t<div class=\"swiper-pagination\"><\/div>\n\t\t\t\t\t\t\t\t\t<\/div>\n\t\t\t\t\t\t<\/div>\n\t\t\t\t<\/div>\n\t\t\t\t<\/div>\n\t\t\t\t<\/div>\n\t\t\t\t\t<\/div>\n\t\t\t\t<\/div>\n\t\t\t\t<\/div>\n\t\t","protected":false},"excerpt":{"rendered":"<p>Usted est\u00e1 en: Inicio Certificando la productividad de su negocio Por m\u00e1s de 25 a\u00f1os, Anasac ha desarrollado diversos an\u00e1lisis con la finalidad de establecer la calidad de sus semillas y as\u00ed, entregar a sus clientes un producto de gran calidad, tanto f\u00edsica como biol\u00f3gica. Hoy ponemos a disposici\u00f3n de agricultores, distribuidores y empresas productoras [&hellip;]<\/p>\n","protected":false},"author":1,"featured_media":0,"parent":0,"menu_order":0,"comment_status":"closed","ping_status":"closed","template":"elementor_header_footer","meta":{"_joinchat":[],"footnotes":""},"class_list":["post-78","page","type-page","status-publish","hentry"],"yoast_head":"<!-- This site is optimized with the Yoast SEO plugin v27.3 - https:\/\/yoast.com\/product\/yoast-seo-wordpress\/ -->\n<title>Quienes somos - An\u00e1lisis de Semillas<\/title>\n<meta name=\"robots\" content=\"index, follow, max-snippet:-1, max-image-preview:large, max-video-preview:-1\" \/>\n<link rel=\"canonical\" href=\"https:\/\/anasac.cl\/analisis-de-semillas\/quienes-somos\/\" \/>\n<meta property=\"og:locale\" content=\"es_ES\" \/>\n<meta property=\"og:type\" content=\"article\" \/>\n<meta property=\"og:title\" content=\"Quienes somos - An\u00e1lisis de Semillas\" \/>\n<meta property=\"og:description\" content=\"Usted est\u00e1 en: Inicio Certificando la productividad de su negocio Por m\u00e1s de 25 a\u00f1os, Anasac ha desarrollado diversos an\u00e1lisis con la finalidad de establecer la calidad de sus semillas y as\u00ed, entregar a sus clientes un producto de gran calidad, tanto f\u00edsica como biol\u00f3gica. Hoy ponemos a disposici\u00f3n de agricultores, distribuidores y empresas productoras [&hellip;]\" \/>\n<meta property=\"og:url\" content=\"https:\/\/anasac.cl\/analisis-de-semillas\/quienes-somos\/\" \/>\n<meta property=\"og:site_name\" content=\"An\u00e1lisis de Semillas\" \/>\n<meta property=\"article:modified_time\" content=\"2024-12-18T18:36:33+00:00\" \/>\n<meta property=\"og:image\" content=\"https:\/\/anasac.cl\/analisis-de-semillas\/wp-content\/uploads\/sites\/7\/2024\/12\/Quienes-Somos-Equipo-Lo-Espejo_WEB.jpg\" \/>\n<meta name=\"twitter:card\" content=\"summary_large_image\" \/>\n<meta name=\"twitter:label1\" content=\"Tiempo de lectura\" \/>\n\t<meta name=\"twitter:data1\" content=\"1 minuto\" \/>\n<script type=\"application\/ld+json\" class=\"yoast-schema-graph\">{\"@context\":\"https:\\\/\\\/schema.org\",\"@graph\":[{\"@type\":\"WebPage\",\"@id\":\"https:\\\/\\\/anasac.cl\\\/analisis-de-semillas\\\/quienes-somos\\\/\",\"url\":\"https:\\\/\\\/anasac.cl\\\/analisis-de-semillas\\\/quienes-somos\\\/\",\"name\":\"Quienes somos - An\u00e1lisis de Semillas\",\"isPartOf\":{\"@id\":\"https:\\\/\\\/anasac.cl\\\/analisis-de-semillas\\\/#website\"},\"primaryImageOfPage\":{\"@id\":\"https:\\\/\\\/anasac.cl\\\/analisis-de-semillas\\\/quienes-somos\\\/#primaryimage\"},\"image\":{\"@id\":\"https:\\\/\\\/anasac.cl\\\/analisis-de-semillas\\\/quienes-somos\\\/#primaryimage\"},\"thumbnailUrl\":\"https:\\\/\\\/anasac.cl\\\/analisis-de-semillas\\\/wp-content\\\/uploads\\\/sites\\\/7\\\/2024\\\/12\\\/Quienes-Somos-Equipo-Lo-Espejo_WEB.jpg\",\"datePublished\":\"2024-12-18T18:27:39+00:00\",\"dateModified\":\"2024-12-18T18:36:33+00:00\",\"breadcrumb\":{\"@id\":\"https:\\\/\\\/anasac.cl\\\/analisis-de-semillas\\\/quienes-somos\\\/#breadcrumb\"},\"inLanguage\":\"es\",\"potentialAction\":[{\"@type\":\"ReadAction\",\"target\":[\"https:\\\/\\\/anasac.cl\\\/analisis-de-semillas\\\/quienes-somos\\\/\"]}]},{\"@type\":\"ImageObject\",\"inLanguage\":\"es\",\"@id\":\"https:\\\/\\\/anasac.cl\\\/analisis-de-semillas\\\/quienes-somos\\\/#primaryimage\",\"url\":\"https:\\\/\\\/anasac.cl\\\/analisis-de-semillas\\\/wp-content\\\/uploads\\\/sites\\\/7\\\/2024\\\/12\\\/Quienes-Somos-Equipo-Lo-Espejo_WEB.jpg\",\"contentUrl\":\"https:\\\/\\\/anasac.cl\\\/analisis-de-semillas\\\/wp-content\\\/uploads\\\/sites\\\/7\\\/2024\\\/12\\\/Quienes-Somos-Equipo-Lo-Espejo_WEB.jpg\",\"width\":340,\"height\":222},{\"@type\":\"BreadcrumbList\",\"@id\":\"https:\\\/\\\/anasac.cl\\\/analisis-de-semillas\\\/quienes-somos\\\/#breadcrumb\",\"itemListElement\":[{\"@type\":\"ListItem\",\"position\":1,\"name\":\"Portada\",\"item\":\"https:\\\/\\\/anasac.cl\\\/analisis-de-semillas\\\/\"},{\"@type\":\"ListItem\",\"position\":2,\"name\":\"Quienes somos\"}]},{\"@type\":\"WebSite\",\"@id\":\"https:\\\/\\\/anasac.cl\\\/analisis-de-semillas\\\/#website\",\"url\":\"https:\\\/\\\/anasac.cl\\\/analisis-de-semillas\\\/\",\"name\":\"An\u00e1lisis de Semillas\",\"description\":\"\",\"potentialAction\":[{\"@type\":\"SearchAction\",\"target\":{\"@type\":\"EntryPoint\",\"urlTemplate\":\"https:\\\/\\\/anasac.cl\\\/analisis-de-semillas\\\/?s={search_term_string}\"},\"query-input\":{\"@type\":\"PropertyValueSpecification\",\"valueRequired\":true,\"valueName\":\"search_term_string\"}}],\"inLanguage\":\"es\"}]}<\/script>\n<!-- \/ Yoast SEO plugin. -->","yoast_head_json":{"title":"Quienes somos - An\u00e1lisis de Semillas","robots":{"index":"index","follow":"follow","max-snippet":"max-snippet:-1","max-image-preview":"max-image-preview:large","max-video-preview":"max-video-preview:-1"},"canonical":"https:\/\/anasac.cl\/analisis-de-semillas\/quienes-somos\/","og_locale":"es_ES","og_type":"article","og_title":"Quienes somos - An\u00e1lisis de Semillas","og_description":"Usted est\u00e1 en: Inicio Certificando la productividad de su negocio Por m\u00e1s de 25 a\u00f1os, Anasac ha desarrollado diversos an\u00e1lisis con la finalidad de establecer la calidad de sus semillas y as\u00ed, entregar a sus clientes un producto de gran calidad, tanto f\u00edsica como biol\u00f3gica. Hoy ponemos a disposici\u00f3n de agricultores, distribuidores y empresas productoras [&hellip;]","og_url":"https:\/\/anasac.cl\/analisis-de-semillas\/quienes-somos\/","og_site_name":"An\u00e1lisis de Semillas","article_modified_time":"2024-12-18T18:36:33+00:00","og_image":[{"url":"https:\/\/anasac.cl\/analisis-de-semillas\/wp-content\/uploads\/sites\/7\/2024\/12\/Quienes-Somos-Equipo-Lo-Espejo_WEB.jpg","type":"","width":"","height":""}],"twitter_card":"summary_large_image","twitter_misc":{"Tiempo de lectura":"1 minuto"},"schema":{"@context":"https:\/\/schema.org","@graph":[{"@type":"WebPage","@id":"https:\/\/anasac.cl\/analisis-de-semillas\/quienes-somos\/","url":"https:\/\/anasac.cl\/analisis-de-semillas\/quienes-somos\/","name":"Quienes somos - An\u00e1lisis de Semillas","isPartOf":{"@id":"https:\/\/anasac.cl\/analisis-de-semillas\/#website"},"primaryImageOfPage":{"@id":"https:\/\/anasac.cl\/analisis-de-semillas\/quienes-somos\/#primaryimage"},"image":{"@id":"https:\/\/anasac.cl\/analisis-de-semillas\/quienes-somos\/#primaryimage"},"thumbnailUrl":"https:\/\/anasac.cl\/analisis-de-semillas\/wp-content\/uploads\/sites\/7\/2024\/12\/Quienes-Somos-Equipo-Lo-Espejo_WEB.jpg","datePublished":"2024-12-18T18:27:39+00:00","dateModified":"2024-12-18T18:36:33+00:00","breadcrumb":{"@id":"https:\/\/anasac.cl\/analisis-de-semillas\/quienes-somos\/#breadcrumb"},"inLanguage":"es","potentialAction":[{"@type":"ReadAction","target":["https:\/\/anasac.cl\/analisis-de-semillas\/quienes-somos\/"]}]},{"@type":"ImageObject","inLanguage":"es","@id":"https:\/\/anasac.cl\/analisis-de-semillas\/quienes-somos\/#primaryimage","url":"https:\/\/anasac.cl\/analisis-de-semillas\/wp-content\/uploads\/sites\/7\/2024\/12\/Quienes-Somos-Equipo-Lo-Espejo_WEB.jpg","contentUrl":"https:\/\/anasac.cl\/analisis-de-semillas\/wp-content\/uploads\/sites\/7\/2024\/12\/Quienes-Somos-Equipo-Lo-Espejo_WEB.jpg","width":340,"height":222},{"@type":"BreadcrumbList","@id":"https:\/\/anasac.cl\/analisis-de-semillas\/quienes-somos\/#breadcrumb","itemListElement":[{"@type":"ListItem","position":1,"name":"Portada","item":"https:\/\/anasac.cl\/analisis-de-semillas\/"},{"@type":"ListItem","position":2,"name":"Quienes somos"}]},{"@type":"WebSite","@id":"https:\/\/anasac.cl\/analisis-de-semillas\/#website","url":"https:\/\/anasac.cl\/analisis-de-semillas\/","name":"An\u00e1lisis de Semillas","description":"","potentialAction":[{"@type":"SearchAction","target":{"@type":"EntryPoint","urlTemplate":"https:\/\/anasac.cl\/analisis-de-semillas\/?s={search_term_string}"},"query-input":{"@type":"PropertyValueSpecification","valueRequired":true,"valueName":"search_term_string"}}],"inLanguage":"es"}]}},"_links":{"self":[{"href":"https:\/\/anasac.cl\/analisis-de-semillas\/wp-json\/wp\/v2\/pages\/78","targetHints":{"allow":["GET"]}}],"collection":[{"href":"https:\/\/anasac.cl\/analisis-de-semillas\/wp-json\/wp\/v2\/pages"}],"about":[{"href":"https:\/\/anasac.cl\/analisis-de-semillas\/wp-json\/wp\/v2\/types\/page"}],"author":[{"embeddable":true,"href":"https:\/\/anasac.cl\/analisis-de-semillas\/wp-json\/wp\/v2\/users\/1"}],"replies":[{"embeddable":true,"href":"https:\/\/anasac.cl\/analisis-de-semillas\/wp-json\/wp\/v2\/comments?post=78"}],"version-history":[{"count":10,"href":"https:\/\/anasac.cl\/analisis-de-semillas\/wp-json\/wp\/v2\/pages\/78\/revisions"}],"predecessor-version":[{"id":93,"href":"https:\/\/anasac.cl\/analisis-de-semillas\/wp-json\/wp\/v2\/pages\/78\/revisions\/93"}],"wp:attachment":[{"href":"https:\/\/anasac.cl\/analisis-de-semillas\/wp-json\/wp\/v2\/media?parent=78"}],"curies":[{"name":"wp","href":"https:\/\/api.w.org\/{rel}","templated":true}]}}