{"id":15,"date":"2024-12-25T19:24:19","date_gmt":"2024-12-25T18:24:19","guid":{"rendered":"https:\/\/test.jancarlos.com.br\/frontal\/?page_id=15"},"modified":"2025-02-15T16:00:35","modified_gmt":"2025-02-15T15:00:35","slug":"quiero-saber-mas","status":"publish","type":"page","link":"https:\/\/anasac.cl\/frontal\/quiero-saber-mas\/","title":{"rendered":"\u00a1Quiero saber m\u00e1s!"},"content":{"rendered":"\t\t<div data-elementor-type=\"wp-page\" data-elementor-id=\"15\" class=\"elementor elementor-15\" data-elementor-post-type=\"page\">\n\t\t\t\t<div class=\"elementor-element elementor-element-064c4d9 e-flex e-con-boxed e-con e-parent\" data-id=\"064c4d9\" data-element_type=\"container\" data-e-type=\"container\" data-settings=\"{&quot;jet_parallax_layout_list&quot;:[]}\">\n\t\t\t\t\t<div class=\"e-con-inner\">\n\t\t<div class=\"elementor-element elementor-element-a454c75 e-con-full e-flex e-con e-child\" data-id=\"a454c75\" data-element_type=\"container\" data-e-type=\"container\" data-settings=\"{&quot;background_background&quot;:&quot;classic&quot;,&quot;jet_parallax_layout_list&quot;:[]}\">\n\t\t<div class=\"elementor-element elementor-element-b35640f e-con-full e-flex e-con e-child\" data-id=\"b35640f\" data-element_type=\"container\" data-e-type=\"container\" data-settings=\"{&quot;jet_parallax_layout_list&quot;:[]}\">\n\t\t<div class=\"elementor-element elementor-element-ebd48c3 e-con-full e-flex e-con e-child\" data-id=\"ebd48c3\" data-element_type=\"container\" data-e-type=\"container\" data-settings=\"{&quot;background_background&quot;:&quot;gradient&quot;,&quot;jet_parallax_layout_list&quot;:[]}\">\n\t\t\t\t<div class=\"elementor-element elementor-element-5132aaf elementor-widget elementor-widget-heading\" data-id=\"5132aaf\" data-element_type=\"widget\" data-e-type=\"widget\" data-widget_type=\"heading.default\">\n\t\t\t\t<div class=\"elementor-widget-container\">\n\t\t\t\t\t<h2 class=\"elementor-heading-title elementor-size-default\">\u00a1Quiero saber m\u00e1s!<\/h2>\t\t\t\t<\/div>\n\t\t\t\t<\/div>\n\t\t\t\t<\/div>\n\t\t<div class=\"elementor-element elementor-element-d37aabf e-con-full e-flex e-con e-child\" data-id=\"d37aabf\" data-element_type=\"container\" data-e-type=\"container\" data-settings=\"{&quot;jet_parallax_layout_list&quot;:[]}\">\n\t\t\t\t<div class=\"elementor-element elementor-element-b516eb6 elementor-align-right elementor-widget elementor-widget-button\" data-id=\"b516eb6\" data-element_type=\"widget\" data-e-type=\"widget\" data-widget_type=\"button.default\">\n\t\t\t\t<div class=\"elementor-widget-container\">\n\t\t\t\t\t\t\t\t\t<div class=\"elementor-button-wrapper\">\n\t\t\t\t\t<a class=\"elementor-button elementor-button-link elementor-size-sm\" href=\"#\">\n\t\t\t\t\t\t<span class=\"elementor-button-content-wrapper\">\n\t\t\t\t\t\t\t\t\t<span class=\"elementor-button-text\">FICHA T\u00c9CNICA FRONTAL<\/span>\n\t\t\t\t\t<\/span>\n\t\t\t\t\t<\/a>\n\t\t\t\t<\/div>\n\t\t\t\t\t\t\t\t<\/div>\n\t\t\t\t<\/div>\n\t\t\t\t<div class=\"elementor-element elementor-element-27a6641 elementor-widget__width-auto elementor-absolute elementor-widget elementor-widget-image\" data-id=\"27a6641\" data-element_type=\"widget\" data-e-type=\"widget\" data-settings=\"{&quot;_position&quot;:&quot;absolute&quot;}\" data-widget_type=\"image.default\">\n\t\t\t\t<div class=\"elementor-widget-container\">\n\t\t\t\t\t\t\t\t\t\t\t\t\t\t\t<img decoding=\"async\" width=\"47\" height=\"46\" src=\"https:\/\/anasac.cl\/frontal\/wp-content\/uploads\/sites\/9\/2024\/12\/cursor.png\" class=\"attachment-full size-full wp-image-370\" alt=\"\" \/>\t\t\t\t\t\t\t\t\t\t\t\t\t\t\t<\/div>\n\t\t\t\t<\/div>\n\t\t\t\t<\/div>\n\t\t\t\t<\/div>\n\t\t\t\t<div class=\"elementor-element elementor-element-d9a6345 elementor-widget elementor-widget-text-editor\" data-id=\"d9a6345\" data-element_type=\"widget\" data-e-type=\"widget\" data-widget_type=\"text-editor.default\">\n\t\t\t\t<div class=\"elementor-widget-container\">\n\t\t\t\t\t\t\t\t\tDescarga los siguientes archivos en PDF:\t\t\t\t\t\t\t\t<\/div>\n\t\t\t\t<\/div>\n\t\t<div class=\"elementor-element elementor-element-d645d7c e-con-full e-flex e-con e-child\" data-id=\"d645d7c\" data-element_type=\"container\" data-e-type=\"container\" data-settings=\"{&quot;background_background&quot;:&quot;classic&quot;,&quot;jet_parallax_layout_list&quot;:[]}\">\n\t\t\t\t<div class=\"elementor-element elementor-element-0ab23b1 elementor-widget elementor-widget-text-editor\" data-id=\"0ab23b1\" data-element_type=\"widget\" data-e-type=\"widget\" data-widget_type=\"text-editor.default\">\n\t\t\t\t<div class=\"elementor-widget-container\">\n\t\t\t\t\t\t\t\t\t<p>Frontal es un fungicida altamente efectivo para el control preventivo de <strong>Botritis<\/strong> (Botrytis cinerea), Pudrici\u00f3n \u00e1cida(Penicillium sp., Alternaria sp., Cladosporium sp., Aspergillus sp., Mucor sp., Rhizopus sp.). Est\u00e1 formulado en base a fenhexamid y fludioxonil ingredientes activos de reconocido desempe\u00f1o.<\/p><p>La eficacia en el control de Botritis y Pudrici\u00f3n \u00e1cida ha sido demostrada en m\u00faltiples trabajos de investigaci\u00f3n y desarrollo, llevadas a cabo tanto en Chile como en el extranjero (EE.UU. e Italia), con instituciones e investigadores de la m\u00e1s alta excelencia.<\/p>\t\t\t\t\t\t\t\t<\/div>\n\t\t\t\t<\/div>\n\t\t\t\t<\/div>\n\t\t<div class=\"elementor-element elementor-element-56c7f85 e-con-full e-flex e-con e-child\" data-id=\"56c7f85\" data-element_type=\"container\" data-e-type=\"container\" data-settings=\"{&quot;jet_parallax_layout_list&quot;:[]}\">\n\t\t<div class=\"elementor-element elementor-element-d120f41 e-con-full e-flex e-con e-child\" data-id=\"d120f41\" data-element_type=\"container\" data-e-type=\"container\" data-settings=\"{&quot;background_background&quot;:&quot;classic&quot;,&quot;jet_parallax_layout_list&quot;:[]}\">\n\t\t<div class=\"elementor-element elementor-element-c69cdd3 e-con-full e-flex e-con e-child\" data-id=\"c69cdd3\" data-element_type=\"container\" data-e-type=\"container\" data-settings=\"{&quot;background_background&quot;:&quot;classic&quot;,&quot;jet_parallax_layout_list&quot;:[]}\">\n\t\t\t\t<div class=\"elementor-element elementor-element-c9f80d2 elementor-widget elementor-widget-heading\" data-id=\"c9f80d2\" data-element_type=\"widget\" data-e-type=\"widget\" data-widget_type=\"heading.default\">\n\t\t\t\t<div class=\"elementor-widget-container\">\n\t\t\t\t\t<h2 class=\"elementor-heading-title elementor-size-default\">Folleto Frontal 425 SC<\/h2>\t\t\t\t<\/div>\n\t\t\t\t<\/div>\n\t\t\t\t<\/div>\n\t\t\t\t<div class=\"elementor-element elementor-element-2933a5d elementor-widget elementor-widget-image\" data-id=\"2933a5d\" data-element_type=\"widget\" data-e-type=\"widget\" data-widget_type=\"image.default\">\n\t\t\t\t<div class=\"elementor-widget-container\">\n\t\t\t\t\t\t\t\t\t\t\t\t\t\t\t\t<a href=\"https:\/\/anasac.cl\/\/frontal\/wp-content\/uploads\/sites\/9\/2025\/02\/folleto-frontal.pdf\">\n\t\t\t\t\t\t\t<img decoding=\"async\" width=\"134\" height=\"134\" src=\"https:\/\/anasac.cl\/frontal\/wp-content\/uploads\/sites\/9\/2024\/12\/descarga-01-1.jpg\" class=\"attachment-full size-full wp-image-362\" alt=\"\" \/>\t\t\t\t\t\t\t\t<\/a>\n\t\t\t\t\t\t\t\t\t\t\t\t\t\t\t<\/div>\n\t\t\t\t<\/div>\n\t\t\t\t<\/div>\n\t\t<div class=\"elementor-element elementor-element-89f6a09 e-con-full e-flex e-con e-child\" data-id=\"89f6a09\" data-element_type=\"container\" data-e-type=\"container\" data-settings=\"{&quot;background_background&quot;:&quot;classic&quot;,&quot;jet_parallax_layout_list&quot;:[]}\">\n\t\t<div class=\"elementor-element elementor-element-e945271 e-con-full e-flex e-con e-child\" data-id=\"e945271\" data-element_type=\"container\" data-e-type=\"container\" data-settings=\"{&quot;background_background&quot;:&quot;classic&quot;,&quot;jet_parallax_layout_list&quot;:[]}\">\n\t\t\t\t<div class=\"elementor-element elementor-element-d335656 elementor-widget elementor-widget-heading\" data-id=\"d335656\" data-element_type=\"widget\" data-e-type=\"widget\" data-widget_type=\"heading.default\">\n\t\t\t\t<div class=\"elementor-widget-container\">\n\t\t\t\t\t<h2 class=\"elementor-heading-title elementor-size-default\">Etiqueta Frontal 425 SC<\/h2>\t\t\t\t<\/div>\n\t\t\t\t<\/div>\n\t\t\t\t<\/div>\n\t\t\t\t<div class=\"elementor-element elementor-element-2ad90e2 elementor-widget elementor-widget-image\" data-id=\"2ad90e2\" data-element_type=\"widget\" data-e-type=\"widget\" data-widget_type=\"image.default\">\n\t\t\t\t<div class=\"elementor-widget-container\">\n\t\t\t\t\t\t\t\t\t\t\t\t\t\t\t\t<a href=\"https:\/\/anasac.cl\/\/frontal\/wp-content\/uploads\/sites\/9\/2025\/02\/frontal-425-sc-etiqueta-.pdf\">\n\t\t\t\t\t\t\t<img decoding=\"async\" width=\"134\" height=\"134\" src=\"https:\/\/anasac.cl\/frontal\/wp-content\/uploads\/sites\/9\/2024\/12\/descarga-01-1.jpg\" class=\"attachment-full size-full wp-image-362\" alt=\"\" \/>\t\t\t\t\t\t\t\t<\/a>\n\t\t\t\t\t\t\t\t\t\t\t\t\t\t\t<\/div>\n\t\t\t\t<\/div>\n\t\t\t\t<\/div>\n\t\t<div class=\"elementor-element elementor-element-92ab8bd e-con-full e-flex e-con e-child\" data-id=\"92ab8bd\" data-element_type=\"container\" data-e-type=\"container\" data-settings=\"{&quot;background_background&quot;:&quot;classic&quot;,&quot;jet_parallax_layout_list&quot;:[]}\">\n\t\t<div class=\"elementor-element elementor-element-44740cb e-con-full e-flex e-con e-child\" data-id=\"44740cb\" data-element_type=\"container\" data-e-type=\"container\" data-settings=\"{&quot;background_background&quot;:&quot;classic&quot;,&quot;jet_parallax_layout_list&quot;:[]}\">\n\t\t\t\t<div class=\"elementor-element elementor-element-80c430a elementor-widget elementor-widget-heading\" data-id=\"80c430a\" data-element_type=\"widget\" data-e-type=\"widget\" data-widget_type=\"heading.default\">\n\t\t\t\t<div class=\"elementor-widget-container\">\n\t\t\t\t\t<h2 class=\"elementor-heading-title elementor-size-default\">HDS Frontal 425 SC<\/h2>\t\t\t\t<\/div>\n\t\t\t\t<\/div>\n\t\t\t\t<\/div>\n\t\t\t\t<div class=\"elementor-element elementor-element-2c85b9d elementor-widget elementor-widget-image\" data-id=\"2c85b9d\" data-element_type=\"widget\" data-e-type=\"widget\" data-widget_type=\"image.default\">\n\t\t\t\t<div class=\"elementor-widget-container\">\n\t\t\t\t\t\t\t\t\t\t\t\t\t\t\t\t<a href=\"https:\/\/anasac.cl\/\/frontal\/wp-content\/uploads\/sites\/9\/2025\/02\/frontal-425-sc-hds.pdf\">\n\t\t\t\t\t\t\t<img decoding=\"async\" width=\"134\" height=\"134\" src=\"https:\/\/anasac.cl\/frontal\/wp-content\/uploads\/sites\/9\/2024\/12\/descarga-01-1.jpg\" class=\"attachment-full size-full wp-image-362\" alt=\"\" \/>\t\t\t\t\t\t\t\t<\/a>\n\t\t\t\t\t\t\t\t\t\t\t\t\t\t\t<\/div>\n\t\t\t\t<\/div>\n\t\t\t\t<\/div>\n\t\t\t\t<\/div>\n\t\t\t\t<\/div>\n\t\t\t\t\t<\/div>\n\t\t\t\t<\/div>\n\t\t\t\t<\/div>\n\t\t","protected":false},"excerpt":{"rendered":"<p>\u00a1Quiero saber m\u00e1s! FICHA T\u00c9CNICA FRONTAL Descarga los siguientes archivos en PDF: Frontal es un fungicida altamente efectivo para el control preventivo de Botritis (Botrytis cinerea), Pudrici\u00f3n \u00e1cida(Penicillium sp., Alternaria sp., Cladosporium sp., Aspergillus sp., Mucor sp., Rhizopus sp.). Est\u00e1 formulado en base a fenhexamid y fludioxonil ingredientes activos de reconocido desempe\u00f1o. La eficacia en [&hellip;]<\/p>\n","protected":false},"author":1,"featured_media":0,"parent":0,"menu_order":0,"comment_status":"closed","ping_status":"closed","template":"","meta":{"_joinchat":[],"footnotes":""},"class_list":["post-15","page","type-page","status-publish","hentry"],"yoast_head":"<!-- This site is optimized with the Yoast SEO plugin v27.4 - https:\/\/yoast.com\/product\/yoast-seo-wordpress\/ -->\n<title>\u00a1Quiero saber m\u00e1s! - Frontal<\/title>\n<meta name=\"robots\" content=\"index, follow, max-snippet:-1, max-image-preview:large, max-video-preview:-1\" \/>\n<link rel=\"canonical\" href=\"https:\/\/anasac.cl\/frontal\/quiero-saber-mas\/\" \/>\n<meta property=\"og:locale\" content=\"es_ES\" \/>\n<meta property=\"og:type\" content=\"article\" \/>\n<meta property=\"og:title\" content=\"\u00a1Quiero saber m\u00e1s! - Frontal\" \/>\n<meta property=\"og:description\" content=\"\u00a1Quiero saber m\u00e1s! FICHA T\u00c9CNICA FRONTAL Descarga los siguientes archivos en PDF: Frontal es un fungicida altamente efectivo para el control preventivo de Botritis (Botrytis cinerea), Pudrici\u00f3n \u00e1cida(Penicillium sp., Alternaria sp., Cladosporium sp., Aspergillus sp., Mucor sp., Rhizopus sp.). Est\u00e1 formulado en base a fenhexamid y fludioxonil ingredientes activos de reconocido desempe\u00f1o. La eficacia en [&hellip;]\" \/>\n<meta property=\"og:url\" content=\"https:\/\/anasac.cl\/frontal\/quiero-saber-mas\/\" \/>\n<meta property=\"og:site_name\" content=\"Frontal\" \/>\n<meta property=\"article:modified_time\" content=\"2025-02-15T15:00:35+00:00\" \/>\n<meta property=\"og:image\" content=\"https:\/\/anasac.cl\/frontal\/wp-content\/uploads\/sites\/9\/2024\/12\/cursor.png\" \/>\n<meta name=\"twitter:card\" content=\"summary_large_image\" \/>\n<meta name=\"twitter:label1\" content=\"Tiempo de lectura\" \/>\n\t<meta name=\"twitter:data1\" content=\"1 minuto\" \/>\n<script type=\"application\/ld+json\" class=\"yoast-schema-graph\">{\"@context\":\"https:\\\/\\\/schema.org\",\"@graph\":[{\"@type\":\"WebPage\",\"@id\":\"https:\\\/\\\/anasac.cl\\\/frontal\\\/quiero-saber-mas\\\/\",\"url\":\"https:\\\/\\\/anasac.cl\\\/frontal\\\/quiero-saber-mas\\\/\",\"name\":\"\u00a1Quiero saber m\u00e1s! - Frontal\",\"isPartOf\":{\"@id\":\"https:\\\/\\\/anasac.cl\\\/frontal\\\/#website\"},\"primaryImageOfPage\":{\"@id\":\"https:\\\/\\\/anasac.cl\\\/frontal\\\/quiero-saber-mas\\\/#primaryimage\"},\"image\":{\"@id\":\"https:\\\/\\\/anasac.cl\\\/frontal\\\/quiero-saber-mas\\\/#primaryimage\"},\"thumbnailUrl\":\"https:\\\/\\\/anasac.cl\\\/frontal\\\/wp-content\\\/uploads\\\/sites\\\/9\\\/2024\\\/12\\\/cursor.png\",\"datePublished\":\"2024-12-25T18:24:19+00:00\",\"dateModified\":\"2025-02-15T15:00:35+00:00\",\"breadcrumb\":{\"@id\":\"https:\\\/\\\/anasac.cl\\\/frontal\\\/quiero-saber-mas\\\/#breadcrumb\"},\"inLanguage\":\"es\",\"potentialAction\":[{\"@type\":\"ReadAction\",\"target\":[\"https:\\\/\\\/anasac.cl\\\/frontal\\\/quiero-saber-mas\\\/\"]}]},{\"@type\":\"ImageObject\",\"inLanguage\":\"es\",\"@id\":\"https:\\\/\\\/anasac.cl\\\/frontal\\\/quiero-saber-mas\\\/#primaryimage\",\"url\":\"https:\\\/\\\/anasac.cl\\\/frontal\\\/wp-content\\\/uploads\\\/sites\\\/9\\\/2024\\\/12\\\/cursor.png\",\"contentUrl\":\"https:\\\/\\\/anasac.cl\\\/frontal\\\/wp-content\\\/uploads\\\/sites\\\/9\\\/2024\\\/12\\\/cursor.png\",\"width\":47,\"height\":46},{\"@type\":\"BreadcrumbList\",\"@id\":\"https:\\\/\\\/anasac.cl\\\/frontal\\\/quiero-saber-mas\\\/#breadcrumb\",\"itemListElement\":[{\"@type\":\"ListItem\",\"position\":1,\"name\":\"Portada\",\"item\":\"https:\\\/\\\/anasac.cl\\\/frontal\\\/\"},{\"@type\":\"ListItem\",\"position\":2,\"name\":\"\u00a1Quiero saber m\u00e1s!\"}]},{\"@type\":\"WebSite\",\"@id\":\"https:\\\/\\\/anasac.cl\\\/frontal\\\/#website\",\"url\":\"https:\\\/\\\/anasac.cl\\\/frontal\\\/\",\"name\":\"Frontal\",\"description\":\"\",\"potentialAction\":[{\"@type\":\"SearchAction\",\"target\":{\"@type\":\"EntryPoint\",\"urlTemplate\":\"https:\\\/\\\/anasac.cl\\\/frontal\\\/?s={search_term_string}\"},\"query-input\":{\"@type\":\"PropertyValueSpecification\",\"valueRequired\":true,\"valueName\":\"search_term_string\"}}],\"inLanguage\":\"es\"}]}<\/script>\n<!-- \/ Yoast SEO plugin. -->","yoast_head_json":{"title":"\u00a1Quiero saber m\u00e1s! - Frontal","robots":{"index":"index","follow":"follow","max-snippet":"max-snippet:-1","max-image-preview":"max-image-preview:large","max-video-preview":"max-video-preview:-1"},"canonical":"https:\/\/anasac.cl\/frontal\/quiero-saber-mas\/","og_locale":"es_ES","og_type":"article","og_title":"\u00a1Quiero saber m\u00e1s! - Frontal","og_description":"\u00a1Quiero saber m\u00e1s! FICHA T\u00c9CNICA FRONTAL Descarga los siguientes archivos en PDF: Frontal es un fungicida altamente efectivo para el control preventivo de Botritis (Botrytis cinerea), Pudrici\u00f3n \u00e1cida(Penicillium sp., Alternaria sp., Cladosporium sp., Aspergillus sp., Mucor sp., Rhizopus sp.). Est\u00e1 formulado en base a fenhexamid y fludioxonil ingredientes activos de reconocido desempe\u00f1o. La eficacia en [&hellip;]","og_url":"https:\/\/anasac.cl\/frontal\/quiero-saber-mas\/","og_site_name":"Frontal","article_modified_time":"2025-02-15T15:00:35+00:00","og_image":[{"url":"https:\/\/anasac.cl\/frontal\/wp-content\/uploads\/sites\/9\/2024\/12\/cursor.png","type":"","width":"","height":""}],"twitter_card":"summary_large_image","twitter_misc":{"Tiempo de lectura":"1 minuto"},"schema":{"@context":"https:\/\/schema.org","@graph":[{"@type":"WebPage","@id":"https:\/\/anasac.cl\/frontal\/quiero-saber-mas\/","url":"https:\/\/anasac.cl\/frontal\/quiero-saber-mas\/","name":"\u00a1Quiero saber m\u00e1s! - Frontal","isPartOf":{"@id":"https:\/\/anasac.cl\/frontal\/#website"},"primaryImageOfPage":{"@id":"https:\/\/anasac.cl\/frontal\/quiero-saber-mas\/#primaryimage"},"image":{"@id":"https:\/\/anasac.cl\/frontal\/quiero-saber-mas\/#primaryimage"},"thumbnailUrl":"https:\/\/anasac.cl\/frontal\/wp-content\/uploads\/sites\/9\/2024\/12\/cursor.png","datePublished":"2024-12-25T18:24:19+00:00","dateModified":"2025-02-15T15:00:35+00:00","breadcrumb":{"@id":"https:\/\/anasac.cl\/frontal\/quiero-saber-mas\/#breadcrumb"},"inLanguage":"es","potentialAction":[{"@type":"ReadAction","target":["https:\/\/anasac.cl\/frontal\/quiero-saber-mas\/"]}]},{"@type":"ImageObject","inLanguage":"es","@id":"https:\/\/anasac.cl\/frontal\/quiero-saber-mas\/#primaryimage","url":"https:\/\/anasac.cl\/frontal\/wp-content\/uploads\/sites\/9\/2024\/12\/cursor.png","contentUrl":"https:\/\/anasac.cl\/frontal\/wp-content\/uploads\/sites\/9\/2024\/12\/cursor.png","width":47,"height":46},{"@type":"BreadcrumbList","@id":"https:\/\/anasac.cl\/frontal\/quiero-saber-mas\/#breadcrumb","itemListElement":[{"@type":"ListItem","position":1,"name":"Portada","item":"https:\/\/anasac.cl\/frontal\/"},{"@type":"ListItem","position":2,"name":"\u00a1Quiero saber m\u00e1s!"}]},{"@type":"WebSite","@id":"https:\/\/anasac.cl\/frontal\/#website","url":"https:\/\/anasac.cl\/frontal\/","name":"Frontal","description":"","potentialAction":[{"@type":"SearchAction","target":{"@type":"EntryPoint","urlTemplate":"https:\/\/anasac.cl\/frontal\/?s={search_term_string}"},"query-input":{"@type":"PropertyValueSpecification","valueRequired":true,"valueName":"search_term_string"}}],"inLanguage":"es"}]}},"_links":{"self":[{"href":"https:\/\/anasac.cl\/frontal\/wp-json\/wp\/v2\/pages\/15","targetHints":{"allow":["GET"]}}],"collection":[{"href":"https:\/\/anasac.cl\/frontal\/wp-json\/wp\/v2\/pages"}],"about":[{"href":"https:\/\/anasac.cl\/frontal\/wp-json\/wp\/v2\/types\/page"}],"author":[{"embeddable":true,"href":"https:\/\/anasac.cl\/frontal\/wp-json\/wp\/v2\/users\/1"}],"replies":[{"embeddable":true,"href":"https:\/\/anasac.cl\/frontal\/wp-json\/wp\/v2\/comments?post=15"}],"version-history":[{"count":43,"href":"https:\/\/anasac.cl\/frontal\/wp-json\/wp\/v2\/pages\/15\/revisions"}],"predecessor-version":[{"id":397,"href":"https:\/\/anasac.cl\/frontal\/wp-json\/wp\/v2\/pages\/15\/revisions\/397"}],"wp:attachment":[{"href":"https:\/\/anasac.cl\/frontal\/wp-json\/wp\/v2\/media?parent=15"}],"curies":[{"name":"wp","href":"https:\/\/api.w.org\/{rel}","templated":true}]}}