{"id":7,"date":"2024-12-25T19:23:10","date_gmt":"2024-12-25T18:23:10","guid":{"rendered":"https:\/\/test.jancarlos.com.br\/frontal\/?page_id=7"},"modified":"2024-12-26T00:47:55","modified_gmt":"2024-12-25T23:47:55","slug":"por-que-preferirlo","status":"publish","type":"page","link":"https:\/\/anasac.cl\/frontal\/por-que-preferirlo\/","title":{"rendered":"\u00bfPor qu\u00e9 preferirlo?"},"content":{"rendered":"\t\t<div data-elementor-type=\"wp-page\" data-elementor-id=\"7\" class=\"elementor elementor-7\" data-elementor-post-type=\"page\">\n\t\t\t\t<div class=\"elementor-element elementor-element-e3e25d1 e-flex e-con-boxed e-con e-parent\" data-id=\"e3e25d1\" data-element_type=\"container\" data-e-type=\"container\" data-settings=\"{&quot;jet_parallax_layout_list&quot;:[]}\">\n\t\t\t\t\t<div class=\"e-con-inner\">\n\t\t<div class=\"elementor-element elementor-element-27b0f560 e-con-full e-flex e-con e-child\" data-id=\"27b0f560\" data-element_type=\"container\" data-e-type=\"container\" data-settings=\"{&quot;background_background&quot;:&quot;classic&quot;,&quot;jet_parallax_layout_list&quot;:[]}\">\n\t\t<div class=\"elementor-element elementor-element-7e8315d e-con-full e-flex e-con e-child\" data-id=\"7e8315d\" data-element_type=\"container\" data-e-type=\"container\" data-settings=\"{&quot;jet_parallax_layout_list&quot;:[]}\">\n\t\t<div class=\"elementor-element elementor-element-14acc640 e-con-full e-flex e-con e-child\" data-id=\"14acc640\" data-element_type=\"container\" data-e-type=\"container\" data-settings=\"{&quot;background_background&quot;:&quot;gradient&quot;,&quot;jet_parallax_layout_list&quot;:[]}\">\n\t\t\t\t<div class=\"elementor-element elementor-element-600bd425 elementor-widget elementor-widget-heading\" data-id=\"600bd425\" data-element_type=\"widget\" data-e-type=\"widget\" data-widget_type=\"heading.default\">\n\t\t\t\t<div class=\"elementor-widget-container\">\n\t\t\t\t\t<h2 class=\"elementor-heading-title elementor-size-default\">\u00bfPor qu\u00e9 preferir Frontal?<\/h2>\t\t\t\t<\/div>\n\t\t\t\t<\/div>\n\t\t\t\t<\/div>\n\t\t\t\t<\/div>\n\t\t\t\t<div class=\"elementor-element elementor-element-61b5d9c elementor-widget elementor-widget-image\" data-id=\"61b5d9c\" data-element_type=\"widget\" data-e-type=\"widget\" data-widget_type=\"image.default\">\n\t\t\t\t<div class=\"elementor-widget-container\">\n\t\t\t\t\t\t\t\t\t\t\t\t\t\t\t<img decoding=\"async\" width=\"197\" height=\"159\" src=\"https:\/\/anasac.cl\/frontal\/wp-content\/uploads\/sites\/9\/2024\/12\/box-gloves.jpg\" class=\"attachment-full size-full wp-image-130\" alt=\"\" \/>\t\t\t\t\t\t\t\t\t\t\t\t\t\t\t<\/div>\n\t\t\t\t<\/div>\n\t\t\t\t<div class=\"elementor-element elementor-element-1b16d9d elementor-widget elementor-widget-heading\" data-id=\"1b16d9d\" data-element_type=\"widget\" data-e-type=\"widget\" data-widget_type=\"heading.default\">\n\t\t\t\t<div class=\"elementor-widget-container\">\n\t\t\t\t\t<h2 class=\"elementor-heading-title elementor-size-default\">Frontal, mezcla \u00fanica, espec\u00edfica y de alta eficacia<\/h2>\t\t\t\t<\/div>\n\t\t\t\t<\/div>\n\t\t<div class=\"elementor-element elementor-element-dc5559e e-con-full e-flex e-con e-child\" data-id=\"dc5559e\" data-element_type=\"container\" data-e-type=\"container\" data-settings=\"{&quot;jet_parallax_layout_list&quot;:[]}\">\n\t\t<div class=\"elementor-element elementor-element-b267931 e-con-full e-flex e-con e-child\" data-id=\"b267931\" data-element_type=\"container\" data-e-type=\"container\" data-settings=\"{&quot;jet_parallax_layout_list&quot;:[]}\">\n\t\t<div class=\"elementor-element elementor-element-e39113c e-con-full e-flex e-con e-child\" data-id=\"e39113c\" data-element_type=\"container\" data-e-type=\"container\" data-settings=\"{&quot;background_background&quot;:&quot;classic&quot;,&quot;jet_parallax_layout_list&quot;:[]}\">\n\t\t\t\t<div class=\"elementor-element elementor-element-a38bf30 elementor-widget elementor-widget-heading\" data-id=\"a38bf30\" data-element_type=\"widget\" data-e-type=\"widget\" data-widget_type=\"heading.default\">\n\t\t\t\t<div class=\"elementor-widget-container\">\n\t\t\t\t\t<h2 class=\"elementor-heading-title elementor-size-default\">Fungicida \u00fanico e insuperable:\n\n<\/h2>\t\t\t\t<\/div>\n\t\t\t\t<\/div>\n\t\t\t\t<div class=\"elementor-element elementor-element-2964577 elementor-widget elementor-widget-text-editor\" data-id=\"2964577\" data-element_type=\"widget\" data-e-type=\"widget\" data-widget_type=\"text-editor.default\">\n\t\t\t\t<div class=\"elementor-widget-container\">\n\t\t\t\t\t\t\t\t\t<p>Compuesto por dos ingredientes activos de reconocida eficacia y trayectoria en el control y prevenci\u00f3n de Botritis y hongos asociados a Pudrici\u00f3n \u00c1cida.<\/p>\t\t\t\t\t\t\t\t<\/div>\n\t\t\t\t<\/div>\n\t\t\t\t<\/div>\n\t\t<div class=\"elementor-element elementor-element-c749a42 e-con-full e-flex e-con e-child\" data-id=\"c749a42\" data-element_type=\"container\" data-e-type=\"container\" data-settings=\"{&quot;background_background&quot;:&quot;classic&quot;,&quot;jet_parallax_layout_list&quot;:[]}\">\n\t\t\t\t<div class=\"elementor-element elementor-element-1c56a9c elementor-widget elementor-widget-heading\" data-id=\"1c56a9c\" data-element_type=\"widget\" data-e-type=\"widget\" data-widget_type=\"heading.default\">\n\t\t\t\t<div class=\"elementor-widget-container\">\n\t\t\t\t\t<h2 class=\"elementor-heading-title elementor-size-default\">Dosis completas:\n<\/h2>\t\t\t\t<\/div>\n\t\t\t\t<\/div>\n\t\t\t\t<div class=\"elementor-element elementor-element-9c1cfe8 elementor-widget elementor-widget-text-editor\" data-id=\"9c1cfe8\" data-element_type=\"widget\" data-e-type=\"widget\" data-widget_type=\"text-editor.default\">\n\t\t\t\t<div class=\"elementor-widget-container\">\n\t\t\t\t\t\t\t\t\tCombinaci\u00f3n \u00fanica en el mercado, donde cada ingrediente activo se encuentra a dosis completa (Full dosis).\t\t\t\t\t\t\t\t<\/div>\n\t\t\t\t<\/div>\n\t\t\t\t<\/div>\n\t\t\t\t<\/div>\n\t\t<div class=\"elementor-element elementor-element-63b3889 e-con-full e-flex e-con e-child\" data-id=\"63b3889\" data-element_type=\"container\" data-e-type=\"container\" data-settings=\"{&quot;jet_parallax_layout_list&quot;:[]}\">\n\t\t<div class=\"elementor-element elementor-element-437bcd6 e-con-full e-flex e-con e-child\" data-id=\"437bcd6\" data-element_type=\"container\" data-e-type=\"container\" data-settings=\"{&quot;background_background&quot;:&quot;classic&quot;,&quot;jet_parallax_layout_list&quot;:[]}\">\n\t\t\t\t<div class=\"elementor-element elementor-element-46f322c elementor-widget elementor-widget-heading\" data-id=\"46f322c\" data-element_type=\"widget\" data-e-type=\"widget\" data-widget_type=\"heading.default\">\n\t\t\t\t<div class=\"elementor-widget-container\">\n\t\t\t\t\t<h2 class=\"elementor-heading-title elementor-size-default\">Amplia ventana de aplicaci\u00f3n:\n<\/h2>\t\t\t\t<\/div>\n\t\t\t\t<\/div>\n\t\t\t\t<div class=\"elementor-element elementor-element-e2e149c elementor-widget elementor-widget-text-editor\" data-id=\"e2e149c\" data-element_type=\"widget\" data-e-type=\"widget\" data-widget_type=\"text-editor.default\">\n\t\t\t\t<div class=\"elementor-widget-container\">\n\t\t\t\t\t\t\t\t\tExcelente herramienta de control para los distintos estados fenol\u00f3gicos susceptibles a Botritis:\n\nfloraci\u00f3n, cierre de racimo, pinta y pre-cosecha.\t\t\t\t\t\t\t\t<\/div>\n\t\t\t\t<\/div>\n\t\t\t\t<\/div>\n\t\t<div class=\"elementor-element elementor-element-3abb0f3 e-con-full e-flex e-con e-child\" data-id=\"3abb0f3\" data-element_type=\"container\" data-e-type=\"container\" data-settings=\"{&quot;background_background&quot;:&quot;classic&quot;,&quot;jet_parallax_layout_list&quot;:[]}\">\n\t\t\t\t<div class=\"elementor-element elementor-element-18e52d8 elementor-widget elementor-widget-heading\" data-id=\"18e52d8\" data-element_type=\"widget\" data-e-type=\"widget\" data-widget_type=\"heading.default\">\n\t\t\t\t<div class=\"elementor-widget-container\">\n\t\t\t\t\t<h2 class=\"elementor-heading-title elementor-size-default\">Alta eficacia en el control de Botritis en floraci\u00f3n:\n\n<\/h2>\t\t\t\t<\/div>\n\t\t\t\t<\/div>\n\t\t\t\t<div class=\"elementor-element elementor-element-3ed8023 elementor-widget elementor-widget-text-editor\" data-id=\"3ed8023\" data-element_type=\"widget\" data-e-type=\"widget\" data-widget_type=\"text-editor.default\">\n\t\t\t\t<div class=\"elementor-widget-container\">\n\t\t\t\t\t\t\t\t\tDestacado control de conidias, principal fuente de infecci\u00f3n de Botritis en flor, disminuyendo la probabilidad de Botritis latente\n\t\t\t\t\t\t\t\t<\/div>\n\t\t\t\t<\/div>\n\t\t\t\t<\/div>\n\t\t\t\t<\/div>\n\t\t<div class=\"elementor-element elementor-element-5bb688d e-con-full e-flex e-con e-child\" data-id=\"5bb688d\" data-element_type=\"container\" data-e-type=\"container\" data-settings=\"{&quot;jet_parallax_layout_list&quot;:[]}\">\n\t\t<div class=\"elementor-element elementor-element-d94ca10 e-con-full e-flex e-con e-child\" data-id=\"d94ca10\" data-element_type=\"container\" data-e-type=\"container\" data-settings=\"{&quot;background_background&quot;:&quot;classic&quot;,&quot;jet_parallax_layout_list&quot;:[]}\">\n\t\t\t\t<div class=\"elementor-element elementor-element-0fdf211 elementor-widget elementor-widget-heading\" data-id=\"0fdf211\" data-element_type=\"widget\" data-e-type=\"widget\" data-widget_type=\"heading.default\">\n\t\t\t\t<div class=\"elementor-widget-container\">\n\t\t\t\t\t<h2 class=\"elementor-heading-title elementor-size-default\">Ideal para aplicaciones de cierre de racimo en adelante:\n<\/h2>\t\t\t\t<\/div>\n\t\t\t\t<\/div>\n\t\t\t\t<div class=\"elementor-element elementor-element-30b1dbc elementor-widget elementor-widget-text-editor\" data-id=\"30b1dbc\" data-element_type=\"widget\" data-e-type=\"widget\" data-widget_type=\"text-editor.default\">\n\t\t\t\t<div class=\"elementor-widget-container\">\n\t\t\t\t\t\t\t\t\tDebido a su amplio espectro de control sobre diversos hongos del complejo de Pudrici\u00f3n \u00c1cida, como Penicillium sp., Alternaria sp., Cladosporium sp.,\n\nAspergillus sp., Mucor sp., Rhizopus sp. Destaca su control sobre Penicillium, principal causante de pudriciones asociadas a STB (Soft Tissue Breakdown), en uvas\n\nalmacenadas en fr\u00edo por largos per\u00edodos.\n\n\t\t\t\t\t\t\t\t<\/div>\n\t\t\t\t<\/div>\n\t\t\t\t<\/div>\n\t\t<div class=\"elementor-element elementor-element-13927c5 e-con-full e-flex e-con e-child\" data-id=\"13927c5\" data-element_type=\"container\" data-e-type=\"container\" data-settings=\"{&quot;background_background&quot;:&quot;classic&quot;,&quot;jet_parallax_layout_list&quot;:[]}\">\n\t\t\t\t<div class=\"elementor-element elementor-element-26ab500 elementor-widget elementor-widget-heading\" data-id=\"26ab500\" data-element_type=\"widget\" data-e-type=\"widget\" data-widget_type=\"heading.default\">\n\t\t\t\t<div class=\"elementor-widget-container\">\n\t\t\t\t\t<h2 class=\"elementor-heading-title elementor-size-default\">Amplias tolerancias y cortas carencias\n\nde los mercados de destino:\n<\/h2>\t\t\t\t<\/div>\n\t\t\t\t<\/div>\n\t\t\t\t<div class=\"elementor-element elementor-element-32d0920 elementor-widget elementor-widget-text-editor\" data-id=\"32d0920\" data-element_type=\"widget\" data-e-type=\"widget\" data-widget_type=\"text-editor.default\">\n\t\t\t\t<div class=\"elementor-widget-container\">\n\t\t\t\t\t\t\t\t\tPermite su aplicaci\u00f3n cercano a cosecha.\t\t\t\t\t\t\t\t<\/div>\n\t\t\t\t<\/div>\n\t\t\t\t<\/div>\n\t\t\t\t<\/div>\n\t\t<div class=\"elementor-element elementor-element-00accb9 e-con-full e-flex e-con e-child\" data-id=\"00accb9\" data-element_type=\"container\" data-e-type=\"container\" data-settings=\"{&quot;jet_parallax_layout_list&quot;:[]}\">\n\t\t<div class=\"elementor-element elementor-element-3a29738 e-con-full e-flex e-con e-child\" data-id=\"3a29738\" data-element_type=\"container\" data-e-type=\"container\" data-settings=\"{&quot;background_background&quot;:&quot;classic&quot;,&quot;jet_parallax_layout_list&quot;:[]}\">\n\t\t\t\t<div class=\"elementor-element elementor-element-59dd64c elementor-widget elementor-widget-heading\" data-id=\"59dd64c\" data-element_type=\"widget\" data-e-type=\"widget\" data-widget_type=\"heading.default\">\n\t\t\t\t<div class=\"elementor-widget-container\">\n\t\t\t\t\t<h2 class=\"elementor-heading-title elementor-size-default\">\nIdeado bajo el concepto de Manejo anti-resistencia:\n<\/h2>\t\t\t\t<\/div>\n\t\t\t\t<\/div>\n\t\t\t\t<div class=\"elementor-element elementor-element-818731c elementor-widget elementor-widget-text-editor\" data-id=\"818731c\" data-element_type=\"widget\" data-e-type=\"widget\" data-widget_type=\"text-editor.default\">\n\t\t\t\t<div class=\"elementor-widget-container\">\n\t\t\t\t\t\t\t\t\t<p>Combina dos ingredientes activos de grupos qu\u00edmicos y modos de acci\u00f3n diferentes, disminuyendo as\u00ed la probabilidad de desarrollo de resistencia. No tiene resistencia cruzada con dicarboximidas, estrobilurinas, anilinopirimidinas ni triazoles.<\/p>\t\t\t\t\t\t\t\t<\/div>\n\t\t\t\t<\/div>\n\t\t\t\t<\/div>\n\t\t<div class=\"elementor-element elementor-element-db18ca0 e-con-full e-flex e-con e-child\" data-id=\"db18ca0\" data-element_type=\"container\" data-e-type=\"container\" data-settings=\"{&quot;background_background&quot;:&quot;classic&quot;,&quot;jet_parallax_layout_list&quot;:[]}\">\n\t\t\t\t<div class=\"elementor-element elementor-element-fa1bc54 elementor-widget elementor-widget-heading\" data-id=\"fa1bc54\" data-element_type=\"widget\" data-e-type=\"widget\" data-widget_type=\"heading.default\">\n\t\t\t\t<div class=\"elementor-widget-container\">\n\t\t\t\t\t<h2 class=\"elementor-heading-title elementor-size-default\">Resistencia al lavado por lluvia:\n\n\n<\/h2>\t\t\t\t<\/div>\n\t\t\t\t<\/div>\n\t\t\t\t<div class=\"elementor-element elementor-element-e03cb98 elementor-widget elementor-widget-text-editor\" data-id=\"e03cb98\" data-element_type=\"widget\" data-e-type=\"widget\" data-widget_type=\"text-editor.default\">\n\t\t\t\t<div class=\"elementor-widget-container\">\n\t\t\t\t\t\t\t\t\t<p>Buena y r\u00e1pida fijaci\u00f3n en los tejidos, debido a esto no es afectado por lluvias que ocurran 24 horas<\/p><p>despu\u00e9s de la aplicaci\u00f3n.<\/p>\t\t\t\t\t\t\t\t<\/div>\n\t\t\t\t<\/div>\n\t\t\t\t<\/div>\n\t\t\t\t<\/div>\n\t\t<div class=\"elementor-element elementor-element-325fb6f e-con-full e-flex e-con e-child\" data-id=\"325fb6f\" data-element_type=\"container\" data-e-type=\"container\" data-settings=\"{&quot;jet_parallax_layout_list&quot;:[]}\">\n\t\t<div class=\"elementor-element elementor-element-0308d73 e-con-full e-flex e-con e-child\" data-id=\"0308d73\" data-element_type=\"container\" data-e-type=\"container\" data-settings=\"{&quot;background_background&quot;:&quot;classic&quot;,&quot;jet_parallax_layout_list&quot;:[]}\">\n\t\t\t\t<div class=\"elementor-element elementor-element-83f5ff6 elementor-widget elementor-widget-heading\" data-id=\"83f5ff6\" data-element_type=\"widget\" data-e-type=\"widget\" data-widget_type=\"heading.default\">\n\t\t\t\t<div class=\"elementor-widget-container\">\n\t\t\t\t\t<h2 class=\"elementor-heading-title elementor-size-default\">Prolongado efecto residual\n<\/h2>\t\t\t\t<\/div>\n\t\t\t\t<\/div>\n\t\t\t\t<div class=\"elementor-element elementor-element-82b2960 elementor-widget elementor-widget-text-editor\" data-id=\"82b2960\" data-element_type=\"widget\" data-e-type=\"widget\" data-widget_type=\"text-editor.default\">\n\t\t\t\t<div class=\"elementor-widget-container\">\n\t\t\t\t\t\t\t\t\t<p>Control y protecci\u00f3n efectiva a lo largo del tiempo sobre Botritis y Pudrici\u00f3n \u00c1cida.<\/p>\t\t\t\t\t\t\t\t<\/div>\n\t\t\t\t<\/div>\n\t\t\t\t<\/div>\n\t\t<div class=\"elementor-element elementor-element-cca43b9 e-con-full e-flex e-con e-child\" data-id=\"cca43b9\" data-element_type=\"container\" data-e-type=\"container\" data-settings=\"{&quot;background_background&quot;:&quot;classic&quot;,&quot;jet_parallax_layout_list&quot;:[]}\">\n\t\t\t\t<div class=\"elementor-element elementor-element-7ea4486 elementor-widget elementor-widget-heading\" data-id=\"7ea4486\" data-element_type=\"widget\" data-e-type=\"widget\" data-widget_type=\"heading.default\">\n\t\t\t\t<div class=\"elementor-widget-container\">\n\t\t\t\t\t<h2 class=\"elementor-heading-title elementor-size-default\">En uva vin\u00edfera, proporciona un efecto antilacasa:\n\n<\/h2>\t\t\t\t<\/div>\n\t\t\t\t<\/div>\n\t\t\t\t<div class=\"elementor-element elementor-element-badb8a1 elementor-widget elementor-widget-text-editor\" data-id=\"badb8a1\" data-element_type=\"widget\" data-e-type=\"widget\" data-widget_type=\"text-editor.default\">\n\t\t\t\t<div class=\"elementor-widget-container\">\n\t\t\t\t\t\t\t\t\t<p>Lo que se traduce en una mejor calidad de los mostos y vinos.<\/p>\t\t\t\t\t\t\t\t<\/div>\n\t\t\t\t<\/div>\n\t\t\t\t<\/div>\n\t\t\t\t<\/div>\n\t\t\t\t<\/div>\n\t\t\t\t<\/div>\n\t\t\t\t\t<\/div>\n\t\t\t\t<\/div>\n\t\t\t\t<\/div>\n\t\t","protected":false},"excerpt":{"rendered":"<p>\u00bfPor qu\u00e9 preferir Frontal? Frontal, mezcla \u00fanica, espec\u00edfica y de alta eficacia Fungicida \u00fanico e insuperable: Compuesto por dos ingredientes activos de reconocida eficacia y trayectoria en el control y prevenci\u00f3n de Botritis y hongos asociados a Pudrici\u00f3n \u00c1cida. Dosis completas: Combinaci\u00f3n \u00fanica en el mercado, donde cada ingrediente activo se encuentra a dosis completa [&hellip;]<\/p>\n","protected":false},"author":1,"featured_media":0,"parent":0,"menu_order":0,"comment_status":"closed","ping_status":"closed","template":"","meta":{"_joinchat":[],"footnotes":""},"class_list":["post-7","page","type-page","status-publish","hentry"],"yoast_head":"<!-- This site is optimized with the Yoast SEO plugin v27.3 - https:\/\/yoast.com\/product\/yoast-seo-wordpress\/ -->\n<title>\u00bfPor qu\u00e9 preferirlo? - Frontal<\/title>\n<meta name=\"robots\" content=\"index, follow, max-snippet:-1, max-image-preview:large, max-video-preview:-1\" \/>\n<link rel=\"canonical\" href=\"https:\/\/anasac.cl\/frontal\/por-que-preferirlo\/\" \/>\n<meta property=\"og:locale\" content=\"es_ES\" \/>\n<meta property=\"og:type\" content=\"article\" \/>\n<meta property=\"og:title\" content=\"\u00bfPor qu\u00e9 preferirlo? - Frontal\" \/>\n<meta property=\"og:description\" content=\"\u00bfPor qu\u00e9 preferir Frontal? Frontal, mezcla \u00fanica, espec\u00edfica y de alta eficacia Fungicida \u00fanico e insuperable: Compuesto por dos ingredientes activos de reconocida eficacia y trayectoria en el control y prevenci\u00f3n de Botritis y hongos asociados a Pudrici\u00f3n \u00c1cida. Dosis completas: Combinaci\u00f3n \u00fanica en el mercado, donde cada ingrediente activo se encuentra a dosis completa [&hellip;]\" \/>\n<meta property=\"og:url\" content=\"https:\/\/anasac.cl\/frontal\/por-que-preferirlo\/\" \/>\n<meta property=\"og:site_name\" content=\"Frontal\" \/>\n<meta property=\"article:modified_time\" content=\"2024-12-25T23:47:55+00:00\" \/>\n<meta property=\"og:image\" content=\"https:\/\/anasac.cl\/frontal\/wp-content\/uploads\/sites\/9\/2024\/12\/box-gloves.jpg\" \/>\n<meta name=\"twitter:card\" content=\"summary_large_image\" \/>\n<meta name=\"twitter:label1\" content=\"Tiempo de lectura\" \/>\n\t<meta name=\"twitter:data1\" content=\"2 minutos\" \/>\n<script type=\"application\/ld+json\" class=\"yoast-schema-graph\">{\"@context\":\"https:\\\/\\\/schema.org\",\"@graph\":[{\"@type\":\"WebPage\",\"@id\":\"https:\\\/\\\/anasac.cl\\\/frontal\\\/por-que-preferirlo\\\/\",\"url\":\"https:\\\/\\\/anasac.cl\\\/frontal\\\/por-que-preferirlo\\\/\",\"name\":\"\u00bfPor qu\u00e9 preferirlo? - Frontal\",\"isPartOf\":{\"@id\":\"https:\\\/\\\/anasac.cl\\\/frontal\\\/#website\"},\"primaryImageOfPage\":{\"@id\":\"https:\\\/\\\/anasac.cl\\\/frontal\\\/por-que-preferirlo\\\/#primaryimage\"},\"image\":{\"@id\":\"https:\\\/\\\/anasac.cl\\\/frontal\\\/por-que-preferirlo\\\/#primaryimage\"},\"thumbnailUrl\":\"https:\\\/\\\/anasac.cl\\\/frontal\\\/wp-content\\\/uploads\\\/sites\\\/9\\\/2024\\\/12\\\/box-gloves.jpg\",\"datePublished\":\"2024-12-25T18:23:10+00:00\",\"dateModified\":\"2024-12-25T23:47:55+00:00\",\"breadcrumb\":{\"@id\":\"https:\\\/\\\/anasac.cl\\\/frontal\\\/por-que-preferirlo\\\/#breadcrumb\"},\"inLanguage\":\"es\",\"potentialAction\":[{\"@type\":\"ReadAction\",\"target\":[\"https:\\\/\\\/anasac.cl\\\/frontal\\\/por-que-preferirlo\\\/\"]}]},{\"@type\":\"ImageObject\",\"inLanguage\":\"es\",\"@id\":\"https:\\\/\\\/anasac.cl\\\/frontal\\\/por-que-preferirlo\\\/#primaryimage\",\"url\":\"https:\\\/\\\/anasac.cl\\\/frontal\\\/wp-content\\\/uploads\\\/sites\\\/9\\\/2024\\\/12\\\/box-gloves.jpg\",\"contentUrl\":\"https:\\\/\\\/anasac.cl\\\/frontal\\\/wp-content\\\/uploads\\\/sites\\\/9\\\/2024\\\/12\\\/box-gloves.jpg\",\"width\":197,\"height\":159},{\"@type\":\"BreadcrumbList\",\"@id\":\"https:\\\/\\\/anasac.cl\\\/frontal\\\/por-que-preferirlo\\\/#breadcrumb\",\"itemListElement\":[{\"@type\":\"ListItem\",\"position\":1,\"name\":\"Portada\",\"item\":\"https:\\\/\\\/anasac.cl\\\/frontal\\\/\"},{\"@type\":\"ListItem\",\"position\":2,\"name\":\"\u00bfPor qu\u00e9 preferirlo?\"}]},{\"@type\":\"WebSite\",\"@id\":\"https:\\\/\\\/anasac.cl\\\/frontal\\\/#website\",\"url\":\"https:\\\/\\\/anasac.cl\\\/frontal\\\/\",\"name\":\"Frontal\",\"description\":\"\",\"potentialAction\":[{\"@type\":\"SearchAction\",\"target\":{\"@type\":\"EntryPoint\",\"urlTemplate\":\"https:\\\/\\\/anasac.cl\\\/frontal\\\/?s={search_term_string}\"},\"query-input\":{\"@type\":\"PropertyValueSpecification\",\"valueRequired\":true,\"valueName\":\"search_term_string\"}}],\"inLanguage\":\"es\"}]}<\/script>\n<!-- \/ Yoast SEO plugin. -->","yoast_head_json":{"title":"\u00bfPor qu\u00e9 preferirlo? - Frontal","robots":{"index":"index","follow":"follow","max-snippet":"max-snippet:-1","max-image-preview":"max-image-preview:large","max-video-preview":"max-video-preview:-1"},"canonical":"https:\/\/anasac.cl\/frontal\/por-que-preferirlo\/","og_locale":"es_ES","og_type":"article","og_title":"\u00bfPor qu\u00e9 preferirlo? - Frontal","og_description":"\u00bfPor qu\u00e9 preferir Frontal? Frontal, mezcla \u00fanica, espec\u00edfica y de alta eficacia Fungicida \u00fanico e insuperable: Compuesto por dos ingredientes activos de reconocida eficacia y trayectoria en el control y prevenci\u00f3n de Botritis y hongos asociados a Pudrici\u00f3n \u00c1cida. Dosis completas: Combinaci\u00f3n \u00fanica en el mercado, donde cada ingrediente activo se encuentra a dosis completa [&hellip;]","og_url":"https:\/\/anasac.cl\/frontal\/por-que-preferirlo\/","og_site_name":"Frontal","article_modified_time":"2024-12-25T23:47:55+00:00","og_image":[{"url":"https:\/\/anasac.cl\/frontal\/wp-content\/uploads\/sites\/9\/2024\/12\/box-gloves.jpg","type":"","width":"","height":""}],"twitter_card":"summary_large_image","twitter_misc":{"Tiempo de lectura":"2 minutos"},"schema":{"@context":"https:\/\/schema.org","@graph":[{"@type":"WebPage","@id":"https:\/\/anasac.cl\/frontal\/por-que-preferirlo\/","url":"https:\/\/anasac.cl\/frontal\/por-que-preferirlo\/","name":"\u00bfPor qu\u00e9 preferirlo? - Frontal","isPartOf":{"@id":"https:\/\/anasac.cl\/frontal\/#website"},"primaryImageOfPage":{"@id":"https:\/\/anasac.cl\/frontal\/por-que-preferirlo\/#primaryimage"},"image":{"@id":"https:\/\/anasac.cl\/frontal\/por-que-preferirlo\/#primaryimage"},"thumbnailUrl":"https:\/\/anasac.cl\/frontal\/wp-content\/uploads\/sites\/9\/2024\/12\/box-gloves.jpg","datePublished":"2024-12-25T18:23:10+00:00","dateModified":"2024-12-25T23:47:55+00:00","breadcrumb":{"@id":"https:\/\/anasac.cl\/frontal\/por-que-preferirlo\/#breadcrumb"},"inLanguage":"es","potentialAction":[{"@type":"ReadAction","target":["https:\/\/anasac.cl\/frontal\/por-que-preferirlo\/"]}]},{"@type":"ImageObject","inLanguage":"es","@id":"https:\/\/anasac.cl\/frontal\/por-que-preferirlo\/#primaryimage","url":"https:\/\/anasac.cl\/frontal\/wp-content\/uploads\/sites\/9\/2024\/12\/box-gloves.jpg","contentUrl":"https:\/\/anasac.cl\/frontal\/wp-content\/uploads\/sites\/9\/2024\/12\/box-gloves.jpg","width":197,"height":159},{"@type":"BreadcrumbList","@id":"https:\/\/anasac.cl\/frontal\/por-que-preferirlo\/#breadcrumb","itemListElement":[{"@type":"ListItem","position":1,"name":"Portada","item":"https:\/\/anasac.cl\/frontal\/"},{"@type":"ListItem","position":2,"name":"\u00bfPor qu\u00e9 preferirlo?"}]},{"@type":"WebSite","@id":"https:\/\/anasac.cl\/frontal\/#website","url":"https:\/\/anasac.cl\/frontal\/","name":"Frontal","description":"","potentialAction":[{"@type":"SearchAction","target":{"@type":"EntryPoint","urlTemplate":"https:\/\/anasac.cl\/frontal\/?s={search_term_string}"},"query-input":{"@type":"PropertyValueSpecification","valueRequired":true,"valueName":"search_term_string"}}],"inLanguage":"es"}]}},"_links":{"self":[{"href":"https:\/\/anasac.cl\/frontal\/wp-json\/wp\/v2\/pages\/7","targetHints":{"allow":["GET"]}}],"collection":[{"href":"https:\/\/anasac.cl\/frontal\/wp-json\/wp\/v2\/pages"}],"about":[{"href":"https:\/\/anasac.cl\/frontal\/wp-json\/wp\/v2\/types\/page"}],"author":[{"embeddable":true,"href":"https:\/\/anasac.cl\/frontal\/wp-json\/wp\/v2\/users\/1"}],"replies":[{"embeddable":true,"href":"https:\/\/anasac.cl\/frontal\/wp-json\/wp\/v2\/comments?post=7"}],"version-history":[{"count":55,"href":"https:\/\/anasac.cl\/frontal\/wp-json\/wp\/v2\/pages\/7\/revisions"}],"predecessor-version":[{"id":157,"href":"https:\/\/anasac.cl\/frontal\/wp-json\/wp\/v2\/pages\/7\/revisions\/157"}],"wp:attachment":[{"href":"https:\/\/anasac.cl\/frontal\/wp-json\/wp\/v2\/media?parent=7"}],"curies":[{"name":"wp","href":"https:\/\/api.w.org\/{rel}","templated":true}]}}