{"id":9,"date":"2024-12-25T19:23:33","date_gmt":"2024-12-25T18:23:33","guid":{"rendered":"https:\/\/test.jancarlos.com.br\/frontal\/?page_id=9"},"modified":"2025-02-15T15:53:43","modified_gmt":"2025-02-15T14:53:43","slug":"que-nos-avala","status":"publish","type":"page","link":"https:\/\/anasac.cl\/frontal\/que-nos-avala\/","title":{"rendered":"\u00bfQu\u00e9 nos avala?"},"content":{"rendered":"\t\t<div data-elementor-type=\"wp-page\" data-elementor-id=\"9\" class=\"elementor elementor-9\" data-elementor-post-type=\"page\">\n\t\t\t\t<div class=\"elementor-element elementor-element-6e3a7e2a e-flex e-con-boxed e-con e-parent\" data-id=\"6e3a7e2a\" data-element_type=\"container\" data-e-type=\"container\" data-settings=\"{&quot;jet_parallax_layout_list&quot;:[]}\">\n\t\t\t\t\t<div class=\"e-con-inner\">\n\t\t<div class=\"elementor-element elementor-element-2852feba e-con-full e-flex e-con e-child\" data-id=\"2852feba\" data-element_type=\"container\" data-e-type=\"container\" data-settings=\"{&quot;background_background&quot;:&quot;classic&quot;,&quot;jet_parallax_layout_list&quot;:[]}\">\n\t\t<div class=\"elementor-element elementor-element-5ec21894 e-con-full e-flex e-con e-child\" data-id=\"5ec21894\" data-element_type=\"container\" data-e-type=\"container\" data-settings=\"{&quot;jet_parallax_layout_list&quot;:[]}\">\n\t\t<div class=\"elementor-element elementor-element-6d02fc2e e-con-full e-flex e-con e-child\" data-id=\"6d02fc2e\" data-element_type=\"container\" data-e-type=\"container\" data-settings=\"{&quot;background_background&quot;:&quot;gradient&quot;,&quot;jet_parallax_layout_list&quot;:[]}\">\n\t\t\t\t<div class=\"elementor-element elementor-element-7eaab57e elementor-widget elementor-widget-heading\" data-id=\"7eaab57e\" data-element_type=\"widget\" data-e-type=\"widget\" data-widget_type=\"heading.default\">\n\t\t\t\t<div class=\"elementor-widget-container\">\n\t\t\t\t\t<h2 class=\"elementor-heading-title elementor-size-default\">\u00bfQu\u00e9 nos avala?<\/h2>\t\t\t\t<\/div>\n\t\t\t\t<\/div>\n\t\t\t\t<\/div>\n\t\t\t\t<\/div>\n\t\t\t\t<div class=\"elementor-element elementor-element-32f031b5 elementor-widget elementor-widget-image\" data-id=\"32f031b5\" data-element_type=\"widget\" data-e-type=\"widget\" data-widget_type=\"image.default\">\n\t\t\t\t<div class=\"elementor-widget-container\">\n\t\t\t\t\t\t\t\t\t\t\t\t\t\t\t<img decoding=\"async\" width=\"197\" height=\"159\" src=\"https:\/\/anasac.cl\/frontal\/wp-content\/uploads\/sites\/9\/2024\/12\/box-gloves.jpg\" class=\"attachment-full size-full wp-image-130\" alt=\"\" \/>\t\t\t\t\t\t\t\t\t\t\t\t\t\t\t<\/div>\n\t\t\t\t<\/div>\n\t\t\t\t<div class=\"elementor-element elementor-element-52f936c3 elementor-widget elementor-widget-heading\" data-id=\"52f936c3\" data-element_type=\"widget\" data-e-type=\"widget\" data-widget_type=\"heading.default\">\n\t\t\t\t<div class=\"elementor-widget-container\">\n\t\t\t\t\t<h2 class=\"elementor-heading-title elementor-size-default\">Alta eficacia comprobada y reconocida a nivel internacional<\/h2>\t\t\t\t<\/div>\n\t\t\t\t<\/div>\n\t\t<div class=\"elementor-element elementor-element-2f4c587 e-con-full e-flex e-con e-child\" data-id=\"2f4c587\" data-element_type=\"container\" data-e-type=\"container\" data-settings=\"{&quot;background_background&quot;:&quot;classic&quot;,&quot;jet_parallax_layout_list&quot;:[]}\">\n\t\t\t\t<div class=\"elementor-element elementor-element-8706306 elementor-widget elementor-widget-text-editor\" data-id=\"8706306\" data-element_type=\"widget\" data-e-type=\"widget\" data-widget_type=\"text-editor.default\">\n\t\t\t\t<div class=\"elementor-widget-container\">\n\t\t\t\t\t\t\t\t\t<p>Frontal es un fungicida altamente efectivo para el control preventivo de <strong>Botritis<\/strong> (Botrytis cinerea), Pudrici\u00f3n \u00e1cida(Penicillium sp., Alternaria sp., Cladosporium sp., Aspergillus sp., Mucor sp., Rhizopus sp.). Est\u00e1 formulado en base a fenhexamid y fludioxonil ingredientes activos de reconocido desempe\u00f1o.<\/p><p>La eficacia en el control de Botritis y Pudrici\u00f3n \u00e1cida ha sido demostrada en m\u00faltiples trabajos de investigaci\u00f3n y desarrollo, llevadas a cabo tanto en Chile como en el extranjero (EE.UU. e Italia), con instituciones e investigadores de la m\u00e1s alta excelencia.<\/p>\t\t\t\t\t\t\t\t<\/div>\n\t\t\t\t<\/div>\n\t\t\t\t<\/div>\n\t\t<div class=\"elementor-element elementor-element-43affd6 e-con-full e-flex e-con e-child\" data-id=\"43affd6\" data-element_type=\"container\" data-e-type=\"container\" data-settings=\"{&quot;jet_parallax_layout_list&quot;:[]}\">\n\t\t<div class=\"elementor-element elementor-element-8e997da e-con-full e-flex e-con e-child\" data-id=\"8e997da\" data-element_type=\"container\" data-e-type=\"container\" data-settings=\"{&quot;jet_parallax_layout_list&quot;:[]}\">\n\t\t\t\t<div class=\"elementor-element elementor-element-aa6fa56 elementor-align-start elementor-tablet-align-start elementor-icon-list--layout-traditional elementor-list-item-link-full_width elementor-widget elementor-widget-icon-list\" data-id=\"aa6fa56\" data-element_type=\"widget\" data-e-type=\"widget\" data-widget_type=\"icon-list.default\">\n\t\t\t\t<div class=\"elementor-widget-container\">\n\t\t\t\t\t\t\t<ul class=\"elementor-icon-list-items\">\n\t\t\t\t\t\t\t<li class=\"elementor-icon-list-item\">\n\t\t\t\t\t\t\t\t\t\t\t<span class=\"elementor-icon-list-icon\">\n\t\t\t\t\t\t\t<svg aria-hidden=\"true\" class=\"e-font-icon-svg e-fas-check-circle\" viewBox=\"0 0 512 512\" xmlns=\"http:\/\/www.w3.org\/2000\/svg\"><path d=\"M504 256c0 136.967-111.033 248-248 248S8 392.967 8 256 119.033 8 256 8s248 111.033 248 248zM227.314 387.314l184-184c6.248-6.248 6.248-16.379 0-22.627l-22.627-22.627c-6.248-6.249-16.379-6.249-22.628 0L216 308.118l-70.059-70.059c-6.248-6.248-16.379-6.248-22.628 0l-22.627 22.627c-6.248 6.248-6.248 16.379 0 22.627l104 104c6.249 6.249 16.379 6.249 22.628.001z\"><\/path><\/svg>\t\t\t\t\t\t<\/span>\n\t\t\t\t\t\t\t\t\t\t<span class=\"elementor-icon-list-text\">Ensayos de eficacia en Chile<\/span>\n\t\t\t\t\t\t\t\t\t<\/li>\n\t\t\t\t\t\t<\/ul>\n\t\t\t\t\t\t<\/div>\n\t\t\t\t<\/div>\n\t\t\t\t<div class=\"elementor-element elementor-element-a43202c elementor-widget elementor-widget-text-editor\" data-id=\"a43202c\" data-element_type=\"widget\" data-e-type=\"widget\" data-widget_type=\"text-editor.default\">\n\t\t\t\t<div class=\"elementor-widget-container\">\n\t\t\t\t\t\t\t\t\t<p>Anasac ha realizado 26 Evaluaciones Nacionales para determinar la eficacia del fungicida, para el control de Botritis y Pudrici\u00f3n \u00e1cida realizadas por investigadores y profesionales de diversas instituciones como INIA, Universidad de Chile, Pontificia Universidad Cat\u00f3lica de Chile, Sidal, Laboratorio Agrolab, AyS Lab y Xilema S.A., donde se destacan, Andr\u00e9s France, Bernardo Latorre G., Fernando Riveros, Marcelo Kogan, Claudio Alister, Blanca Luz Pinilla, Jos\u00e9 L. Henr\u00edquez, Cristina Saravia, M\u00f3nica Santalices, Mario Alvarez, Paulina Sep\u00falveda, entre otros.<\/p><p>Los ensayos en Chile se realizaron en Estaciones Experimentales o huertos comerciales, ubicados a lo largo del pa\u00eds, entre las regiones de Coquimbo y B\u00edo B\u00edo.<\/p>\t\t\t\t\t\t\t\t<\/div>\n\t\t\t\t<\/div>\n\t\t\t\t<\/div>\n\t\t<div class=\"elementor-element elementor-element-c7dbbab e-con-full e-flex e-con e-child\" data-id=\"c7dbbab\" data-element_type=\"container\" data-e-type=\"container\" data-settings=\"{&quot;jet_parallax_layout_list&quot;:[]}\">\n\t\t\t\t<div class=\"elementor-element elementor-element-293c685 elementor-align-start elementor-tablet-align-start elementor-icon-list--layout-traditional elementor-list-item-link-full_width elementor-widget elementor-widget-icon-list\" data-id=\"293c685\" data-element_type=\"widget\" data-e-type=\"widget\" data-widget_type=\"icon-list.default\">\n\t\t\t\t<div class=\"elementor-widget-container\">\n\t\t\t\t\t\t\t<ul class=\"elementor-icon-list-items\">\n\t\t\t\t\t\t\t<li class=\"elementor-icon-list-item\">\n\t\t\t\t\t\t\t\t\t\t\t<span class=\"elementor-icon-list-icon\">\n\t\t\t\t\t\t\t<svg aria-hidden=\"true\" class=\"e-font-icon-svg e-fas-check-circle\" viewBox=\"0 0 512 512\" xmlns=\"http:\/\/www.w3.org\/2000\/svg\"><path d=\"M504 256c0 136.967-111.033 248-248 248S8 392.967 8 256 119.033 8 256 8s248 111.033 248 248zM227.314 387.314l184-184c6.248-6.248 6.248-16.379 0-22.627l-22.627-22.627c-6.248-6.249-16.379-6.249-22.628 0L216 308.118l-70.059-70.059c-6.248-6.248-16.379-6.248-22.628 0l-22.627 22.627c-6.248 6.248-6.248 16.379 0 22.627l104 104c6.249 6.249 16.379 6.249 22.628.001z\"><\/path><\/svg>\t\t\t\t\t\t<\/span>\n\t\t\t\t\t\t\t\t\t\t<span class=\"elementor-icon-list-text\">Ensayos de eficacia en Chile<\/span>\n\t\t\t\t\t\t\t\t\t<\/li>\n\t\t\t\t\t\t<\/ul>\n\t\t\t\t\t\t<\/div>\n\t\t\t\t<\/div>\n\t\t\t\t<div class=\"elementor-element elementor-element-0a2aec4 elementor-widget elementor-widget-text-editor\" data-id=\"0a2aec4\" data-element_type=\"widget\" data-e-type=\"widget\" data-widget_type=\"text-editor.default\">\n\t\t\t\t<div class=\"elementor-widget-container\">\n\t\t\t\t\t\t\t\t\tSe han llevado a cabo experiencias internacionales con destacados investigadores como el Dr. Wayne Wilcox, del departamento de patolog\u00eda vegetal de la Universidad de Cornell y la Dra. Annemiek Schilder, del Centro de sistemas Integrados de vegetales de la Universidad de M\u00edchigan, adem\u00e1s de ensayos de eficacia con Elena Rondelli con el laboratorio Eurofins en Italia.\n\n regiones de Coquimbo y B\u00edo B\u00edo.\t\t\t\t\t\t\t\t<\/div>\n\t\t\t\t<\/div>\n\t\t\t\t<\/div>\n\t\t\t\t<\/div>\n\t\t\t\t<\/div>\n\t\t\t\t\t<\/div>\n\t\t\t\t<\/div>\n\t\t\t\t<\/div>\n\t\t","protected":false},"excerpt":{"rendered":"<p>\u00bfQu\u00e9 nos avala? Alta eficacia comprobada y reconocida a nivel internacional Frontal es un fungicida altamente efectivo para el control preventivo de Botritis (Botrytis cinerea), Pudrici\u00f3n \u00e1cida(Penicillium sp., Alternaria sp., Cladosporium sp., Aspergillus sp., Mucor sp., Rhizopus sp.). Est\u00e1 formulado en base a fenhexamid y fludioxonil ingredientes activos de reconocido desempe\u00f1o. La eficacia en el [&hellip;]<\/p>\n","protected":false},"author":1,"featured_media":0,"parent":0,"menu_order":0,"comment_status":"closed","ping_status":"closed","template":"","meta":{"_joinchat":[],"footnotes":""},"class_list":["post-9","page","type-page","status-publish","hentry"],"yoast_head":"<!-- This site is optimized with the Yoast SEO plugin v27.4 - https:\/\/yoast.com\/product\/yoast-seo-wordpress\/ -->\n<title>\u00bfQu\u00e9 nos avala? - Frontal<\/title>\n<meta name=\"robots\" content=\"index, follow, max-snippet:-1, max-image-preview:large, max-video-preview:-1\" \/>\n<link rel=\"canonical\" href=\"https:\/\/anasac.cl\/frontal\/que-nos-avala\/\" \/>\n<meta property=\"og:locale\" content=\"es_ES\" \/>\n<meta property=\"og:type\" content=\"article\" \/>\n<meta property=\"og:title\" content=\"\u00bfQu\u00e9 nos avala? - Frontal\" \/>\n<meta property=\"og:description\" content=\"\u00bfQu\u00e9 nos avala? Alta eficacia comprobada y reconocida a nivel internacional Frontal es un fungicida altamente efectivo para el control preventivo de Botritis (Botrytis cinerea), Pudrici\u00f3n \u00e1cida(Penicillium sp., Alternaria sp., Cladosporium sp., Aspergillus sp., Mucor sp., Rhizopus sp.). Est\u00e1 formulado en base a fenhexamid y fludioxonil ingredientes activos de reconocido desempe\u00f1o. La eficacia en el [&hellip;]\" \/>\n<meta property=\"og:url\" content=\"https:\/\/anasac.cl\/frontal\/que-nos-avala\/\" \/>\n<meta property=\"og:site_name\" content=\"Frontal\" \/>\n<meta property=\"article:modified_time\" content=\"2025-02-15T14:53:43+00:00\" \/>\n<meta property=\"og:image\" content=\"https:\/\/anasac.cl\/frontal\/wp-content\/uploads\/sites\/9\/2024\/12\/box-gloves.jpg\" \/>\n<meta name=\"twitter:card\" content=\"summary_large_image\" \/>\n<meta name=\"twitter:label1\" content=\"Tiempo de lectura\" \/>\n\t<meta name=\"twitter:data1\" content=\"1 minuto\" \/>\n<script type=\"application\/ld+json\" class=\"yoast-schema-graph\">{\"@context\":\"https:\\\/\\\/schema.org\",\"@graph\":[{\"@type\":\"WebPage\",\"@id\":\"https:\\\/\\\/anasac.cl\\\/frontal\\\/que-nos-avala\\\/\",\"url\":\"https:\\\/\\\/anasac.cl\\\/frontal\\\/que-nos-avala\\\/\",\"name\":\"\u00bfQu\u00e9 nos avala? - Frontal\",\"isPartOf\":{\"@id\":\"https:\\\/\\\/anasac.cl\\\/frontal\\\/#website\"},\"primaryImageOfPage\":{\"@id\":\"https:\\\/\\\/anasac.cl\\\/frontal\\\/que-nos-avala\\\/#primaryimage\"},\"image\":{\"@id\":\"https:\\\/\\\/anasac.cl\\\/frontal\\\/que-nos-avala\\\/#primaryimage\"},\"thumbnailUrl\":\"https:\\\/\\\/anasac.cl\\\/frontal\\\/wp-content\\\/uploads\\\/sites\\\/9\\\/2024\\\/12\\\/box-gloves.jpg\",\"datePublished\":\"2024-12-25T18:23:33+00:00\",\"dateModified\":\"2025-02-15T14:53:43+00:00\",\"breadcrumb\":{\"@id\":\"https:\\\/\\\/anasac.cl\\\/frontal\\\/que-nos-avala\\\/#breadcrumb\"},\"inLanguage\":\"es\",\"potentialAction\":[{\"@type\":\"ReadAction\",\"target\":[\"https:\\\/\\\/anasac.cl\\\/frontal\\\/que-nos-avala\\\/\"]}]},{\"@type\":\"ImageObject\",\"inLanguage\":\"es\",\"@id\":\"https:\\\/\\\/anasac.cl\\\/frontal\\\/que-nos-avala\\\/#primaryimage\",\"url\":\"https:\\\/\\\/anasac.cl\\\/frontal\\\/wp-content\\\/uploads\\\/sites\\\/9\\\/2024\\\/12\\\/box-gloves.jpg\",\"contentUrl\":\"https:\\\/\\\/anasac.cl\\\/frontal\\\/wp-content\\\/uploads\\\/sites\\\/9\\\/2024\\\/12\\\/box-gloves.jpg\",\"width\":197,\"height\":159},{\"@type\":\"BreadcrumbList\",\"@id\":\"https:\\\/\\\/anasac.cl\\\/frontal\\\/que-nos-avala\\\/#breadcrumb\",\"itemListElement\":[{\"@type\":\"ListItem\",\"position\":1,\"name\":\"Portada\",\"item\":\"https:\\\/\\\/anasac.cl\\\/frontal\\\/\"},{\"@type\":\"ListItem\",\"position\":2,\"name\":\"\u00bfQu\u00e9 nos avala?\"}]},{\"@type\":\"WebSite\",\"@id\":\"https:\\\/\\\/anasac.cl\\\/frontal\\\/#website\",\"url\":\"https:\\\/\\\/anasac.cl\\\/frontal\\\/\",\"name\":\"Frontal\",\"description\":\"\",\"potentialAction\":[{\"@type\":\"SearchAction\",\"target\":{\"@type\":\"EntryPoint\",\"urlTemplate\":\"https:\\\/\\\/anasac.cl\\\/frontal\\\/?s={search_term_string}\"},\"query-input\":{\"@type\":\"PropertyValueSpecification\",\"valueRequired\":true,\"valueName\":\"search_term_string\"}}],\"inLanguage\":\"es\"}]}<\/script>\n<!-- \/ Yoast SEO plugin. -->","yoast_head_json":{"title":"\u00bfQu\u00e9 nos avala? - Frontal","robots":{"index":"index","follow":"follow","max-snippet":"max-snippet:-1","max-image-preview":"max-image-preview:large","max-video-preview":"max-video-preview:-1"},"canonical":"https:\/\/anasac.cl\/frontal\/que-nos-avala\/","og_locale":"es_ES","og_type":"article","og_title":"\u00bfQu\u00e9 nos avala? - Frontal","og_description":"\u00bfQu\u00e9 nos avala? Alta eficacia comprobada y reconocida a nivel internacional Frontal es un fungicida altamente efectivo para el control preventivo de Botritis (Botrytis cinerea), Pudrici\u00f3n \u00e1cida(Penicillium sp., Alternaria sp., Cladosporium sp., Aspergillus sp., Mucor sp., Rhizopus sp.). Est\u00e1 formulado en base a fenhexamid y fludioxonil ingredientes activos de reconocido desempe\u00f1o. La eficacia en el [&hellip;]","og_url":"https:\/\/anasac.cl\/frontal\/que-nos-avala\/","og_site_name":"Frontal","article_modified_time":"2025-02-15T14:53:43+00:00","og_image":[{"url":"https:\/\/anasac.cl\/frontal\/wp-content\/uploads\/sites\/9\/2024\/12\/box-gloves.jpg","type":"","width":"","height":""}],"twitter_card":"summary_large_image","twitter_misc":{"Tiempo de lectura":"1 minuto"},"schema":{"@context":"https:\/\/schema.org","@graph":[{"@type":"WebPage","@id":"https:\/\/anasac.cl\/frontal\/que-nos-avala\/","url":"https:\/\/anasac.cl\/frontal\/que-nos-avala\/","name":"\u00bfQu\u00e9 nos avala? - Frontal","isPartOf":{"@id":"https:\/\/anasac.cl\/frontal\/#website"},"primaryImageOfPage":{"@id":"https:\/\/anasac.cl\/frontal\/que-nos-avala\/#primaryimage"},"image":{"@id":"https:\/\/anasac.cl\/frontal\/que-nos-avala\/#primaryimage"},"thumbnailUrl":"https:\/\/anasac.cl\/frontal\/wp-content\/uploads\/sites\/9\/2024\/12\/box-gloves.jpg","datePublished":"2024-12-25T18:23:33+00:00","dateModified":"2025-02-15T14:53:43+00:00","breadcrumb":{"@id":"https:\/\/anasac.cl\/frontal\/que-nos-avala\/#breadcrumb"},"inLanguage":"es","potentialAction":[{"@type":"ReadAction","target":["https:\/\/anasac.cl\/frontal\/que-nos-avala\/"]}]},{"@type":"ImageObject","inLanguage":"es","@id":"https:\/\/anasac.cl\/frontal\/que-nos-avala\/#primaryimage","url":"https:\/\/anasac.cl\/frontal\/wp-content\/uploads\/sites\/9\/2024\/12\/box-gloves.jpg","contentUrl":"https:\/\/anasac.cl\/frontal\/wp-content\/uploads\/sites\/9\/2024\/12\/box-gloves.jpg","width":197,"height":159},{"@type":"BreadcrumbList","@id":"https:\/\/anasac.cl\/frontal\/que-nos-avala\/#breadcrumb","itemListElement":[{"@type":"ListItem","position":1,"name":"Portada","item":"https:\/\/anasac.cl\/frontal\/"},{"@type":"ListItem","position":2,"name":"\u00bfQu\u00e9 nos avala?"}]},{"@type":"WebSite","@id":"https:\/\/anasac.cl\/frontal\/#website","url":"https:\/\/anasac.cl\/frontal\/","name":"Frontal","description":"","potentialAction":[{"@type":"SearchAction","target":{"@type":"EntryPoint","urlTemplate":"https:\/\/anasac.cl\/frontal\/?s={search_term_string}"},"query-input":{"@type":"PropertyValueSpecification","valueRequired":true,"valueName":"search_term_string"}}],"inLanguage":"es"}]}},"_links":{"self":[{"href":"https:\/\/anasac.cl\/frontal\/wp-json\/wp\/v2\/pages\/9","targetHints":{"allow":["GET"]}}],"collection":[{"href":"https:\/\/anasac.cl\/frontal\/wp-json\/wp\/v2\/pages"}],"about":[{"href":"https:\/\/anasac.cl\/frontal\/wp-json\/wp\/v2\/types\/page"}],"author":[{"embeddable":true,"href":"https:\/\/anasac.cl\/frontal\/wp-json\/wp\/v2\/users\/1"}],"replies":[{"embeddable":true,"href":"https:\/\/anasac.cl\/frontal\/wp-json\/wp\/v2\/comments?post=9"}],"version-history":[{"count":36,"href":"https:\/\/anasac.cl\/frontal\/wp-json\/wp\/v2\/pages\/9\/revisions"}],"predecessor-version":[{"id":308,"href":"https:\/\/anasac.cl\/frontal\/wp-json\/wp\/v2\/pages\/9\/revisions\/308"}],"wp:attachment":[{"href":"https:\/\/anasac.cl\/frontal\/wp-json\/wp\/v2\/media?parent=9"}],"curies":[{"name":"wp","href":"https:\/\/api.w.org\/{rel}","templated":true}]}}